{"id":10,"date":"2016-09-12T14:47:24","date_gmt":"2016-09-12T12:47:24","guid":{"rendered":"https:\/\/consileon.pl\/en\/?page_id=10"},"modified":"2017-01-26T09:36:10","modified_gmt":"2017-01-26T08:36:10","slug":"list-of-certificates","status":"publish","type":"page","link":"https:\/\/consileon.pl\/en\/what-we-do\/list-of-certificates\/","title":{"rendered":"List of certificates"},"content":{"rendered":"<p>Acquiring new skills and developing the existing ones is extremely important to us. Therefore, we make great efforts to ensure that our employees are the best at what they do. We know that vast experience and specialized competence are a great value for our customers, which is why we confirm our experience with a number of certificates.<\/p>\n<p>Below is a list of certificates that we have received:<\/p>\n","protected":false},"excerpt":{"rendered":"<p>Acquiring new skills and developing the existing ones is extremely important to us. Therefore, we make great efforts to ensure that our employees are the best at what they do. We know that vast experience and specialized competence are a great value for our customers, which is why we confirm our experience with a number [&hellip;]<\/p>\n","protected":false},"author":1,"featured_media":0,"parent":5,"menu_order":4,"comment_status":"closed","ping_status":"closed","template":"certyficates.php","meta":{"footnotes":"","_links_to":"","_links_to_target":""},"class_list":["post-10","page","type-page","status-publish","hentry"],"yoast_head":"<!-- This site is optimized with the Yoast SEO plugin v26.4 - https:\/\/yoast.com\/wordpress\/plugins\/seo\/ -->\n<title>List of certificates - Consileon - IT Consulting<\/title>\n<meta name=\"description\" content=\"Extensive experience and specialized competence confirmed by certificates.\" \/>\n<meta name=\"robots\" content=\"index, follow, max-snippet:-1, max-image-preview:large, max-video-preview:-1\" \/>\n<link rel=\"canonical\" href=\"https:\/\/consileon.pl\/en\/what-we-do\/list-of-certificates\/\" \/>\n<meta property=\"og:locale\" content=\"en_US\" \/>\n<meta property=\"og:type\" content=\"article\" \/>\n<meta property=\"og:title\" content=\"List of certificates - Consileon - IT Consulting\" \/>\n<meta property=\"og:description\" content=\"Extensive experience and specialized competence confirmed by certificates.\" \/>\n<meta property=\"og:url\" content=\"https:\/\/consileon.pl\/en\/what-we-do\/list-of-certificates\/\" \/>\n<meta property=\"og:site_name\" content=\"Consileon - IT Consulting\" \/>\n<meta property=\"article:modified_time\" content=\"2017-01-26T08:36:10+00:00\" \/>\n<meta name=\"twitter:card\" content=\"summary_large_image\" \/>\n<script type=\"application\/ld+json\" class=\"yoast-schema-graph\">{\"@context\":\"https:\/\/schema.org\",\"@graph\":[{\"@type\":\"WebPage\",\"@id\":\"https:\/\/consileon.pl\/en\/what-we-do\/list-of-certificates\/\",\"url\":\"https:\/\/consileon.pl\/en\/what-we-do\/list-of-certificates\/\",\"name\":\"List of certificates - Consileon - IT Consulting\",\"isPartOf\":{\"@id\":\"https:\/\/consileon.pl\/en\/#website\"},\"datePublished\":\"2016-09-12T12:47:24+00:00\",\"dateModified\":\"2017-01-26T08:36:10+00:00\",\"description\":\"Extensive experience and specialized competence confirmed by certificates.\",\"breadcrumb\":{\"@id\":\"https:\/\/consileon.pl\/en\/what-we-do\/list-of-certificates\/#breadcrumb\"},\"inLanguage\":\"pl-PL\",\"potentialAction\":[{\"@type\":\"ReadAction\",\"target\":[\"https:\/\/consileon.pl\/en\/what-we-do\/list-of-certificates\/\"]}]},{\"@type\":\"BreadcrumbList\",\"@id\":\"https:\/\/consileon.pl\/en\/what-we-do\/list-of-certificates\/#breadcrumb\",\"itemListElement\":[{\"@type\":\"ListItem\",\"position\":1,\"name\":\"Strona g\u0142\u00f3wna\",\"item\":\"https:\/\/consileon.pl\/en\/\"},{\"@type\":\"ListItem\",\"position\":2,\"name\":\"What we do\",\"item\":\"https:\/\/consileon.pl\/en\/what-we-do\/\"},{\"@type\":\"ListItem\",\"position\":3,\"name\":\"List of certificates\"}]},{\"@type\":\"WebSite\",\"@id\":\"https:\/\/consileon.pl\/en\/#website\",\"url\":\"https:\/\/consileon.pl\/en\/\",\"name\":\"Consileon - IT Consulting\",\"description\":\"Tworzymy nowoczesne rozwi\u0105zania software&#039;owe, oferujemy konsulitng i doradztwo do\u015bwiadczonych ekspert\u00f3w.\",\"potentialAction\":[{\"@type\":\"SearchAction\",\"target\":{\"@type\":\"EntryPoint\",\"urlTemplate\":\"https:\/\/consileon.pl\/en\/?s={search_term_string}\"},\"query-input\":{\"@type\":\"PropertyValueSpecification\",\"valueRequired\":true,\"valueName\":\"search_term_string\"}}],\"inLanguage\":\"pl-PL\"}]}<\/script>\n<!-- \/ Yoast SEO plugin. -->","yoast_head_json":{"title":"List of certificates - Consileon - IT Consulting","description":"Extensive experience and specialized competence confirmed by certificates.","robots":{"index":"index","follow":"follow","max-snippet":"max-snippet:-1","max-image-preview":"max-image-preview:large","max-video-preview":"max-video-preview:-1"},"canonical":"https:\/\/consileon.pl\/en\/what-we-do\/list-of-certificates\/","og_locale":"en_US","og_type":"article","og_title":"List of certificates - Consileon - IT Consulting","og_description":"Extensive experience and specialized competence confirmed by certificates.","og_url":"https:\/\/consileon.pl\/en\/what-we-do\/list-of-certificates\/","og_site_name":"Consileon - IT Consulting","article_modified_time":"2017-01-26T08:36:10+00:00","twitter_card":"summary_large_image","schema":{"@context":"https:\/\/schema.org","@graph":[{"@type":"WebPage","@id":"https:\/\/consileon.pl\/en\/what-we-do\/list-of-certificates\/","url":"https:\/\/consileon.pl\/en\/what-we-do\/list-of-certificates\/","name":"List of certificates - Consileon - IT Consulting","isPartOf":{"@id":"https:\/\/consileon.pl\/en\/#website"},"datePublished":"2016-09-12T12:47:24+00:00","dateModified":"2017-01-26T08:36:10+00:00","description":"Extensive experience and specialized competence confirmed by certificates.","breadcrumb":{"@id":"https:\/\/consileon.pl\/en\/what-we-do\/list-of-certificates\/#breadcrumb"},"inLanguage":"pl-PL","potentialAction":[{"@type":"ReadAction","target":["https:\/\/consileon.pl\/en\/what-we-do\/list-of-certificates\/"]}]},{"@type":"BreadcrumbList","@id":"https:\/\/consileon.pl\/en\/what-we-do\/list-of-certificates\/#breadcrumb","itemListElement":[{"@type":"ListItem","position":1,"name":"Strona g\u0142\u00f3wna","item":"https:\/\/consileon.pl\/en\/"},{"@type":"ListItem","position":2,"name":"What we do","item":"https:\/\/consileon.pl\/en\/what-we-do\/"},{"@type":"ListItem","position":3,"name":"List of certificates"}]},{"@type":"WebSite","@id":"https:\/\/consileon.pl\/en\/#website","url":"https:\/\/consileon.pl\/en\/","name":"Consileon - IT Consulting","description":"Tworzymy nowoczesne rozwi\u0105zania software&#039;owe, oferujemy konsulitng i doradztwo do\u015bwiadczonych ekspert\u00f3w.","potentialAction":[{"@type":"SearchAction","target":{"@type":"EntryPoint","urlTemplate":"https:\/\/consileon.pl\/en\/?s={search_term_string}"},"query-input":{"@type":"PropertyValueSpecification","valueRequired":true,"valueName":"search_term_string"}}],"inLanguage":"pl-PL"}]}},"_links":{"self":[{"href":"https:\/\/consileon.pl\/en\/wp-json\/wp\/v2\/pages\/10","targetHints":{"allow":["GET"]}}],"collection":[{"href":"https:\/\/consileon.pl\/en\/wp-json\/wp\/v2\/pages"}],"about":[{"href":"https:\/\/consileon.pl\/en\/wp-json\/wp\/v2\/types\/page"}],"author":[{"embeddable":true,"href":"https:\/\/consileon.pl\/en\/wp-json\/wp\/v2\/users\/1"}],"replies":[{"embeddable":true,"href":"https:\/\/consileon.pl\/en\/wp-json\/wp\/v2\/comments?post=10"}],"version-history":[{"count":8,"href":"https:\/\/consileon.pl\/en\/wp-json\/wp\/v2\/pages\/10\/revisions"}],"predecessor-version":[{"id":287,"href":"https:\/\/consileon.pl\/en\/wp-json\/wp\/v2\/pages\/10\/revisions\/287"}],"up":[{"embeddable":true,"href":"https:\/\/consileon.pl\/en\/wp-json\/wp\/v2\/pages\/5"}],"wp:attachment":[{"href":"https:\/\/consileon.pl\/en\/wp-json\/wp\/v2\/media?parent=10"}],"curies":[{"name":"wp","href":"https:\/\/api.w.org\/{rel}","templated":true}]}}