{"id":103,"date":"2016-09-14T14:50:49","date_gmt":"2016-09-14T12:50:49","guid":{"rendered":"https:\/\/consileon.pl\/en\/?page_id=103"},"modified":"2016-11-05T11:02:49","modified_gmt":"2016-11-05T10:02:49","slug":"no-vendor-lock-in-policy","status":"publish","type":"page","link":"https:\/\/consileon.pl\/en\/what-we-do\/no-vendor-lock-in-policy\/","title":{"rendered":"\u201cNo vendor lock-in\u201d policy"},"content":{"rendered":"<p>We use simple and short contracts that allow us to start quickly and be evaluated in practice. Our key advantage is &#8222;no vendor lock-in&#8221; policy consisting of (among others):<\/p>\n<ul>\n<li>transferring the source code, documentation, and first and foremost copyrights to the results of our work to the customer,<\/li>\n<li>mandatory project knowledge migration period from us to the customer,<\/li>\n<li>the possibility of quick and easy termination of the contract (termination of cooperation in e.g. \u00a07 days).<\/li>\n<\/ul>\n<p>We have been collaborating this way with our customers for years. We cooperate on the basis of trust. We gain our customers by our work quality and not by loopholes in complicated contracts.<\/p>\n","protected":false},"excerpt":{"rendered":"<p>We use simple and short contracts that allow us to start quickly and be evaluated in practice. Our key advantage is &#8222;no vendor lock-in&#8221; policy consisting of (among others): transferring the source code, documentation, and first and foremost copyrights to the results of our work to the customer, mandatory project knowledge migration period from us [&hellip;]<\/p>\n","protected":false},"author":1,"featured_media":0,"parent":5,"menu_order":2,"comment_status":"closed","ping_status":"closed","template":"text.php","meta":{"footnotes":"","_links_to":"","_links_to_target":""},"class_list":["post-103","page","type-page","status-publish","hentry"],"yoast_head":"<!-- This site is optimized with the Yoast SEO plugin v26.4 - https:\/\/yoast.com\/wordpress\/plugins\/seo\/ -->\n<title>\u201cNo vendor lock-in\u201d policy - Consileon - IT Consulting<\/title>\n<meta name=\"robots\" content=\"index, follow, max-snippet:-1, max-image-preview:large, max-video-preview:-1\" \/>\n<link rel=\"canonical\" href=\"https:\/\/consileon.pl\/en\/what-we-do\/no-vendor-lock-in-policy\/\" \/>\n<meta property=\"og:locale\" content=\"en_US\" \/>\n<meta property=\"og:type\" content=\"article\" \/>\n<meta property=\"og:title\" content=\"\u201cNo vendor lock-in\u201d policy - Consileon - IT Consulting\" \/>\n<meta property=\"og:description\" content=\"We use simple and short contracts that allow us to start quickly and be evaluated in practice. Our key advantage is &#8222;no vendor lock-in&#8221; policy consisting of (among others): transferring the source code, documentation, and first and foremost copyrights to the results of our work to the customer, mandatory project knowledge migration period from us [&hellip;]\" \/>\n<meta property=\"og:url\" content=\"https:\/\/consileon.pl\/en\/what-we-do\/no-vendor-lock-in-policy\/\" \/>\n<meta property=\"og:site_name\" content=\"Consileon - IT Consulting\" \/>\n<meta property=\"article:modified_time\" content=\"2016-11-05T10:02:49+00:00\" \/>\n<meta name=\"twitter:card\" content=\"summary_large_image\" \/>\n<meta name=\"twitter:label1\" content=\"Szacowany czas czytania\" \/>\n\t<meta name=\"twitter:data1\" content=\"1 minuta\" \/>\n<script type=\"application\/ld+json\" class=\"yoast-schema-graph\">{\"@context\":\"https:\/\/schema.org\",\"@graph\":[{\"@type\":\"WebPage\",\"@id\":\"https:\/\/consileon.pl\/en\/what-we-do\/no-vendor-lock-in-policy\/\",\"url\":\"https:\/\/consileon.pl\/en\/what-we-do\/no-vendor-lock-in-policy\/\",\"name\":\"\u201cNo vendor lock-in\u201d policy - Consileon - IT Consulting\",\"isPartOf\":{\"@id\":\"https:\/\/consileon.pl\/en\/#website\"},\"datePublished\":\"2016-09-14T12:50:49+00:00\",\"dateModified\":\"2016-11-05T10:02:49+00:00\",\"breadcrumb\":{\"@id\":\"https:\/\/consileon.pl\/en\/what-we-do\/no-vendor-lock-in-policy\/#breadcrumb\"},\"inLanguage\":\"pl-PL\",\"potentialAction\":[{\"@type\":\"ReadAction\",\"target\":[\"https:\/\/consileon.pl\/en\/what-we-do\/no-vendor-lock-in-policy\/\"]}]},{\"@type\":\"BreadcrumbList\",\"@id\":\"https:\/\/consileon.pl\/en\/what-we-do\/no-vendor-lock-in-policy\/#breadcrumb\",\"itemListElement\":[{\"@type\":\"ListItem\",\"position\":1,\"name\":\"Strona g\u0142\u00f3wna\",\"item\":\"https:\/\/consileon.pl\/en\/\"},{\"@type\":\"ListItem\",\"position\":2,\"name\":\"What we do\",\"item\":\"https:\/\/consileon.pl\/en\/what-we-do\/\"},{\"@type\":\"ListItem\",\"position\":3,\"name\":\"\u201cNo vendor lock-in\u201d policy\"}]},{\"@type\":\"WebSite\",\"@id\":\"https:\/\/consileon.pl\/en\/#website\",\"url\":\"https:\/\/consileon.pl\/en\/\",\"name\":\"Consileon - IT Consulting\",\"description\":\"Tworzymy nowoczesne rozwi\u0105zania software&#039;owe, oferujemy konsulitng i doradztwo do\u015bwiadczonych ekspert\u00f3w.\",\"potentialAction\":[{\"@type\":\"SearchAction\",\"target\":{\"@type\":\"EntryPoint\",\"urlTemplate\":\"https:\/\/consileon.pl\/en\/?s={search_term_string}\"},\"query-input\":{\"@type\":\"PropertyValueSpecification\",\"valueRequired\":true,\"valueName\":\"search_term_string\"}}],\"inLanguage\":\"pl-PL\"}]}<\/script>\n<!-- \/ Yoast SEO plugin. -->","yoast_head_json":{"title":"\u201cNo vendor lock-in\u201d policy - Consileon - IT Consulting","robots":{"index":"index","follow":"follow","max-snippet":"max-snippet:-1","max-image-preview":"max-image-preview:large","max-video-preview":"max-video-preview:-1"},"canonical":"https:\/\/consileon.pl\/en\/what-we-do\/no-vendor-lock-in-policy\/","og_locale":"en_US","og_type":"article","og_title":"\u201cNo vendor lock-in\u201d policy - Consileon - IT Consulting","og_description":"We use simple and short contracts that allow us to start quickly and be evaluated in practice. Our key advantage is &#8222;no vendor lock-in&#8221; policy consisting of (among others): transferring the source code, documentation, and first and foremost copyrights to the results of our work to the customer, mandatory project knowledge migration period from us [&hellip;]","og_url":"https:\/\/consileon.pl\/en\/what-we-do\/no-vendor-lock-in-policy\/","og_site_name":"Consileon - IT Consulting","article_modified_time":"2016-11-05T10:02:49+00:00","twitter_card":"summary_large_image","twitter_misc":{"Szacowany czas czytania":"1 minuta"},"schema":{"@context":"https:\/\/schema.org","@graph":[{"@type":"WebPage","@id":"https:\/\/consileon.pl\/en\/what-we-do\/no-vendor-lock-in-policy\/","url":"https:\/\/consileon.pl\/en\/what-we-do\/no-vendor-lock-in-policy\/","name":"\u201cNo vendor lock-in\u201d policy - Consileon - IT Consulting","isPartOf":{"@id":"https:\/\/consileon.pl\/en\/#website"},"datePublished":"2016-09-14T12:50:49+00:00","dateModified":"2016-11-05T10:02:49+00:00","breadcrumb":{"@id":"https:\/\/consileon.pl\/en\/what-we-do\/no-vendor-lock-in-policy\/#breadcrumb"},"inLanguage":"pl-PL","potentialAction":[{"@type":"ReadAction","target":["https:\/\/consileon.pl\/en\/what-we-do\/no-vendor-lock-in-policy\/"]}]},{"@type":"BreadcrumbList","@id":"https:\/\/consileon.pl\/en\/what-we-do\/no-vendor-lock-in-policy\/#breadcrumb","itemListElement":[{"@type":"ListItem","position":1,"name":"Strona g\u0142\u00f3wna","item":"https:\/\/consileon.pl\/en\/"},{"@type":"ListItem","position":2,"name":"What we do","item":"https:\/\/consileon.pl\/en\/what-we-do\/"},{"@type":"ListItem","position":3,"name":"\u201cNo vendor lock-in\u201d policy"}]},{"@type":"WebSite","@id":"https:\/\/consileon.pl\/en\/#website","url":"https:\/\/consileon.pl\/en\/","name":"Consileon - IT Consulting","description":"Tworzymy nowoczesne rozwi\u0105zania software&#039;owe, oferujemy konsulitng i doradztwo do\u015bwiadczonych ekspert\u00f3w.","potentialAction":[{"@type":"SearchAction","target":{"@type":"EntryPoint","urlTemplate":"https:\/\/consileon.pl\/en\/?s={search_term_string}"},"query-input":{"@type":"PropertyValueSpecification","valueRequired":true,"valueName":"search_term_string"}}],"inLanguage":"pl-PL"}]}},"_links":{"self":[{"href":"https:\/\/consileon.pl\/en\/wp-json\/wp\/v2\/pages\/103","targetHints":{"allow":["GET"]}}],"collection":[{"href":"https:\/\/consileon.pl\/en\/wp-json\/wp\/v2\/pages"}],"about":[{"href":"https:\/\/consileon.pl\/en\/wp-json\/wp\/v2\/types\/page"}],"author":[{"embeddable":true,"href":"https:\/\/consileon.pl\/en\/wp-json\/wp\/v2\/users\/1"}],"replies":[{"embeddable":true,"href":"https:\/\/consileon.pl\/en\/wp-json\/wp\/v2\/comments?post=103"}],"version-history":[{"count":3,"href":"https:\/\/consileon.pl\/en\/wp-json\/wp\/v2\/pages\/103\/revisions"}],"predecessor-version":[{"id":286,"href":"https:\/\/consileon.pl\/en\/wp-json\/wp\/v2\/pages\/103\/revisions\/286"}],"up":[{"embeddable":true,"href":"https:\/\/consileon.pl\/en\/wp-json\/wp\/v2\/pages\/5"}],"wp:attachment":[{"href":"https:\/\/consileon.pl\/en\/wp-json\/wp\/v2\/media?parent=103"}],"curies":[{"name":"wp","href":"https:\/\/api.w.org\/{rel}","templated":true}]}}