{"id":12,"date":"2016-09-12T14:57:08","date_gmt":"2016-09-12T12:57:08","guid":{"rendered":"https:\/\/consileon.pl\/en\/?page_id=12"},"modified":"2017-01-26T09:24:02","modified_gmt":"2017-01-26T08:24:02","slug":"customers","status":"publish","type":"page","link":"https:\/\/consileon.pl\/en\/customers\/","title":{"rendered":"Customers"},"content":{"rendered":"<p>Customer satisfaction is the greatest award for us<\/p>\n<p>Consileon Polska means more than 10 years of experience. Since the beginning, our team has completed over 80 IT projects for nearly 30 customers in 8 countries. The figures confirm that customers come back looking for a competent and reliable partner to create further technological solutions to help realize their business vision. Among our clients you can find:<\/p>\n<ul>\n<li>the largest companies operating in the global market,<\/li>\n<li>leaders of the European market or in individual countries,<\/li>\n<li>medium and large local enterprises,<\/li>\n<li>startups including those from Silicon Valley,<\/li>\n<li>associations of companies and non-profit organizations.<\/li>\n<\/ul>\n<p>We focus primarily on the constant cooperation with customers in the design of high-quality solutions that satisfy not only their current but also future needs. We invite you to familiarize yourself with our projects and references.<\/p>\n","protected":false},"excerpt":{"rendered":"<p>Customer satisfaction is the greatest award for us Consileon Polska means more than 10 years of experience. Since the beginning, our team has completed over 80 IT projects for nearly 30 customers in 8 countries. The figures confirm that customers come back looking for a competent and reliable partner to create further technological solutions to [&hellip;]<\/p>\n","protected":false},"author":1,"featured_media":0,"parent":0,"menu_order":0,"comment_status":"closed","ping_status":"closed","template":"text.php","meta":{"footnotes":"","_links_to":"","_links_to_target":""},"class_list":["post-12","page","type-page","status-publish","hentry"],"yoast_head":"<!-- This site is optimized with the Yoast SEO plugin v26.4 - https:\/\/yoast.com\/wordpress\/plugins\/seo\/ -->\n<title>Customers - Consileon - IT Consulting<\/title>\n<meta name=\"description\" content=\"Our clients are the largest companies operating in the global market, the European market leaders, medium and large local companies, startups and others.\" \/>\n<meta name=\"robots\" content=\"index, follow, max-snippet:-1, max-image-preview:large, max-video-preview:-1\" \/>\n<link rel=\"canonical\" href=\"https:\/\/consileon.pl\/en\/customers\/\" \/>\n<meta property=\"og:locale\" content=\"en_US\" \/>\n<meta property=\"og:type\" content=\"article\" \/>\n<meta property=\"og:title\" content=\"Customers - Consileon - IT Consulting\" \/>\n<meta property=\"og:description\" content=\"Our clients are the largest companies operating in the global market, the European market leaders, medium and large local companies, startups and others.\" \/>\n<meta property=\"og:url\" content=\"https:\/\/consileon.pl\/en\/customers\/\" \/>\n<meta property=\"og:site_name\" content=\"Consileon - IT Consulting\" \/>\n<meta property=\"article:modified_time\" content=\"2017-01-26T08:24:02+00:00\" \/>\n<meta name=\"twitter:card\" content=\"summary_large_image\" \/>\n<meta name=\"twitter:label1\" content=\"Szacowany czas czytania\" \/>\n\t<meta name=\"twitter:data1\" content=\"1 minuta\" \/>\n<script type=\"application\/ld+json\" class=\"yoast-schema-graph\">{\"@context\":\"https:\/\/schema.org\",\"@graph\":[{\"@type\":\"WebPage\",\"@id\":\"https:\/\/consileon.pl\/en\/customers\/\",\"url\":\"https:\/\/consileon.pl\/en\/customers\/\",\"name\":\"Customers - Consileon - IT Consulting\",\"isPartOf\":{\"@id\":\"https:\/\/consileon.pl\/en\/#website\"},\"datePublished\":\"2016-09-12T12:57:08+00:00\",\"dateModified\":\"2017-01-26T08:24:02+00:00\",\"description\":\"Our clients are the largest companies operating in the global market, the European market leaders, medium and large local companies, startups and others.\",\"breadcrumb\":{\"@id\":\"https:\/\/consileon.pl\/en\/customers\/#breadcrumb\"},\"inLanguage\":\"pl-PL\",\"potentialAction\":[{\"@type\":\"ReadAction\",\"target\":[\"https:\/\/consileon.pl\/en\/customers\/\"]}]},{\"@type\":\"BreadcrumbList\",\"@id\":\"https:\/\/consileon.pl\/en\/customers\/#breadcrumb\",\"itemListElement\":[{\"@type\":\"ListItem\",\"position\":1,\"name\":\"Strona g\u0142\u00f3wna\",\"item\":\"https:\/\/consileon.pl\/en\/\"},{\"@type\":\"ListItem\",\"position\":2,\"name\":\"Customers\"}]},{\"@type\":\"WebSite\",\"@id\":\"https:\/\/consileon.pl\/en\/#website\",\"url\":\"https:\/\/consileon.pl\/en\/\",\"name\":\"Consileon - IT Consulting\",\"description\":\"Tworzymy nowoczesne rozwi\u0105zania software&#039;owe, oferujemy konsulitng i doradztwo do\u015bwiadczonych ekspert\u00f3w.\",\"potentialAction\":[{\"@type\":\"SearchAction\",\"target\":{\"@type\":\"EntryPoint\",\"urlTemplate\":\"https:\/\/consileon.pl\/en\/?s={search_term_string}\"},\"query-input\":{\"@type\":\"PropertyValueSpecification\",\"valueRequired\":true,\"valueName\":\"search_term_string\"}}],\"inLanguage\":\"pl-PL\"}]}<\/script>\n<!-- \/ Yoast SEO plugin. -->","yoast_head_json":{"title":"Customers - Consileon - IT Consulting","description":"Our clients are the largest companies operating in the global market, the European market leaders, medium and large local companies, startups and others.","robots":{"index":"index","follow":"follow","max-snippet":"max-snippet:-1","max-image-preview":"max-image-preview:large","max-video-preview":"max-video-preview:-1"},"canonical":"https:\/\/consileon.pl\/en\/customers\/","og_locale":"en_US","og_type":"article","og_title":"Customers - Consileon - IT Consulting","og_description":"Our clients are the largest companies operating in the global market, the European market leaders, medium and large local companies, startups and others.","og_url":"https:\/\/consileon.pl\/en\/customers\/","og_site_name":"Consileon - IT Consulting","article_modified_time":"2017-01-26T08:24:02+00:00","twitter_card":"summary_large_image","twitter_misc":{"Szacowany czas czytania":"1 minuta"},"schema":{"@context":"https:\/\/schema.org","@graph":[{"@type":"WebPage","@id":"https:\/\/consileon.pl\/en\/customers\/","url":"https:\/\/consileon.pl\/en\/customers\/","name":"Customers - Consileon - IT Consulting","isPartOf":{"@id":"https:\/\/consileon.pl\/en\/#website"},"datePublished":"2016-09-12T12:57:08+00:00","dateModified":"2017-01-26T08:24:02+00:00","description":"Our clients are the largest companies operating in the global market, the European market leaders, medium and large local companies, startups and others.","breadcrumb":{"@id":"https:\/\/consileon.pl\/en\/customers\/#breadcrumb"},"inLanguage":"pl-PL","potentialAction":[{"@type":"ReadAction","target":["https:\/\/consileon.pl\/en\/customers\/"]}]},{"@type":"BreadcrumbList","@id":"https:\/\/consileon.pl\/en\/customers\/#breadcrumb","itemListElement":[{"@type":"ListItem","position":1,"name":"Strona g\u0142\u00f3wna","item":"https:\/\/consileon.pl\/en\/"},{"@type":"ListItem","position":2,"name":"Customers"}]},{"@type":"WebSite","@id":"https:\/\/consileon.pl\/en\/#website","url":"https:\/\/consileon.pl\/en\/","name":"Consileon - IT Consulting","description":"Tworzymy nowoczesne rozwi\u0105zania software&#039;owe, oferujemy konsulitng i doradztwo do\u015bwiadczonych ekspert\u00f3w.","potentialAction":[{"@type":"SearchAction","target":{"@type":"EntryPoint","urlTemplate":"https:\/\/consileon.pl\/en\/?s={search_term_string}"},"query-input":{"@type":"PropertyValueSpecification","valueRequired":true,"valueName":"search_term_string"}}],"inLanguage":"pl-PL"}]}},"_links":{"self":[{"href":"https:\/\/consileon.pl\/en\/wp-json\/wp\/v2\/pages\/12","targetHints":{"allow":["GET"]}}],"collection":[{"href":"https:\/\/consileon.pl\/en\/wp-json\/wp\/v2\/pages"}],"about":[{"href":"https:\/\/consileon.pl\/en\/wp-json\/wp\/v2\/types\/page"}],"author":[{"embeddable":true,"href":"https:\/\/consileon.pl\/en\/wp-json\/wp\/v2\/users\/1"}],"replies":[{"embeddable":true,"href":"https:\/\/consileon.pl\/en\/wp-json\/wp\/v2\/comments?post=12"}],"version-history":[{"count":4,"href":"https:\/\/consileon.pl\/en\/wp-json\/wp\/v2\/pages\/12\/revisions"}],"predecessor-version":[{"id":273,"href":"https:\/\/consileon.pl\/en\/wp-json\/wp\/v2\/pages\/12\/revisions\/273"}],"wp:attachment":[{"href":"https:\/\/consileon.pl\/en\/wp-json\/wp\/v2\/media?parent=12"}],"curies":[{"name":"wp","href":"https:\/\/api.w.org\/{rel}","templated":true}]}}