{"id":121,"date":"2016-09-15T09:44:35","date_gmt":"2016-09-15T07:44:35","guid":{"rendered":"https:\/\/consileon.pl\/en\/?page_id=121"},"modified":"2017-01-26T09:40:02","modified_gmt":"2017-01-26T08:40:02","slug":"our-achievements","status":"publish","type":"page","link":"https:\/\/consileon.pl\/en\/customers\/our-achievements\/","title":{"rendered":"Our achievements"},"content":{"rendered":"<p>The effects of our work not only gained our partners\u2019 recognition, but also repeatedly helped to win awards and prizes in many national and international competitions:<\/p>\n<ul>\n<li>Diamond Matrix in the category B + R Innovation awarded to the most innovative companies in the West Pomeranian Province for working with INK startup (2015),<\/li>\n<li>Award in the category of \u00a0In-store Solution for the project, which we co-created with the German retail market leader, awarded by the Retail Technology Awards Europe (2013),<\/li>\n<li>First prize in the competition deutsche-startups.de for our service www.femory.de as the best website in the category of Media and Film Society (Medien- und Filmgesellschaft) (2009),<\/li>\n<li>Global Retail Achievement Awards in the competition Best in Store Innovation (2006) for the system implemented by Itellium,<\/li>\n<li>First place in the ranking of tourism portals by Computerbild (2004) thanks to the project carried out \u00a0along the German leader of the tourism market,<\/li>\n<li>Our project, which supported one of the most famous German banks, won the ranking Datamonitor Private Banking (2001).<\/li>\n<\/ul>\n<p>Technical challenges we have risen up to:<\/p>\n<ul>\n<li>Processing over 50 TB data in the databases,<\/li>\n<li>Working with a database schema storing 1500+ tables,<\/li>\n<li>Service with the indicator of visits per hour at 350 000,<\/li>\n<li>Surviving a DDoS attack at 45 000 requests within 5 minutes.<\/li>\n<\/ul>\n","protected":false},"excerpt":{"rendered":"<p>The effects of our work not only gained our partners\u2019 recognition, but also repeatedly helped to win awards and prizes in many national and international competitions: Diamond Matrix in the category B + R Innovation awarded to the most innovative companies in the West Pomeranian Province for working with INK startup (2015), Award in the [&hellip;]<\/p>\n","protected":false},"author":1,"featured_media":0,"parent":12,"menu_order":2,"comment_status":"closed","ping_status":"closed","template":"text.php","meta":{"footnotes":"","_links_to":"","_links_to_target":""},"class_list":["post-121","page","type-page","status-publish","hentry"],"yoast_head":"<!-- This site is optimized with the Yoast SEO plugin v26.4 - https:\/\/yoast.com\/wordpress\/plugins\/seo\/ -->\n<title>Our achievements - Consileon - IT Consulting<\/title>\n<meta name=\"description\" content=\"The effects of our work repeatedly helped to win prizes and awards in international and national competitions.\" \/>\n<meta name=\"robots\" content=\"index, follow, max-snippet:-1, max-image-preview:large, max-video-preview:-1\" \/>\n<link rel=\"canonical\" href=\"https:\/\/consileon.pl\/en\/customers\/our-achievements\/\" \/>\n<meta property=\"og:locale\" content=\"en_US\" \/>\n<meta property=\"og:type\" content=\"article\" \/>\n<meta property=\"og:title\" content=\"Our achievements - Consileon - IT Consulting\" \/>\n<meta property=\"og:description\" content=\"The effects of our work repeatedly helped to win prizes and awards in international and national competitions.\" \/>\n<meta property=\"og:url\" content=\"https:\/\/consileon.pl\/en\/customers\/our-achievements\/\" \/>\n<meta property=\"og:site_name\" content=\"Consileon - IT Consulting\" \/>\n<meta property=\"article:modified_time\" content=\"2017-01-26T08:40:02+00:00\" \/>\n<meta name=\"twitter:card\" content=\"summary_large_image\" \/>\n<meta name=\"twitter:label1\" content=\"Szacowany czas czytania\" \/>\n\t<meta name=\"twitter:data1\" content=\"1 minuta\" \/>\n<script type=\"application\/ld+json\" class=\"yoast-schema-graph\">{\"@context\":\"https:\/\/schema.org\",\"@graph\":[{\"@type\":\"WebPage\",\"@id\":\"https:\/\/consileon.pl\/en\/customers\/our-achievements\/\",\"url\":\"https:\/\/consileon.pl\/en\/customers\/our-achievements\/\",\"name\":\"Our achievements - Consileon - IT Consulting\",\"isPartOf\":{\"@id\":\"https:\/\/consileon.pl\/en\/#website\"},\"datePublished\":\"2016-09-15T07:44:35+00:00\",\"dateModified\":\"2017-01-26T08:40:02+00:00\",\"description\":\"The effects of our work repeatedly helped to win prizes and awards in international and national competitions.\",\"breadcrumb\":{\"@id\":\"https:\/\/consileon.pl\/en\/customers\/our-achievements\/#breadcrumb\"},\"inLanguage\":\"pl-PL\",\"potentialAction\":[{\"@type\":\"ReadAction\",\"target\":[\"https:\/\/consileon.pl\/en\/customers\/our-achievements\/\"]}]},{\"@type\":\"BreadcrumbList\",\"@id\":\"https:\/\/consileon.pl\/en\/customers\/our-achievements\/#breadcrumb\",\"itemListElement\":[{\"@type\":\"ListItem\",\"position\":1,\"name\":\"Strona g\u0142\u00f3wna\",\"item\":\"https:\/\/consileon.pl\/en\/\"},{\"@type\":\"ListItem\",\"position\":2,\"name\":\"Customers\",\"item\":\"https:\/\/consileon.pl\/en\/customers\/\"},{\"@type\":\"ListItem\",\"position\":3,\"name\":\"Our achievements\"}]},{\"@type\":\"WebSite\",\"@id\":\"https:\/\/consileon.pl\/en\/#website\",\"url\":\"https:\/\/consileon.pl\/en\/\",\"name\":\"Consileon - IT Consulting\",\"description\":\"Tworzymy nowoczesne rozwi\u0105zania software&#039;owe, oferujemy konsulitng i doradztwo do\u015bwiadczonych ekspert\u00f3w.\",\"potentialAction\":[{\"@type\":\"SearchAction\",\"target\":{\"@type\":\"EntryPoint\",\"urlTemplate\":\"https:\/\/consileon.pl\/en\/?s={search_term_string}\"},\"query-input\":{\"@type\":\"PropertyValueSpecification\",\"valueRequired\":true,\"valueName\":\"search_term_string\"}}],\"inLanguage\":\"pl-PL\"}]}<\/script>\n<!-- \/ Yoast SEO plugin. -->","yoast_head_json":{"title":"Our achievements - Consileon - IT Consulting","description":"The effects of our work repeatedly helped to win prizes and awards in international and national competitions.","robots":{"index":"index","follow":"follow","max-snippet":"max-snippet:-1","max-image-preview":"max-image-preview:large","max-video-preview":"max-video-preview:-1"},"canonical":"https:\/\/consileon.pl\/en\/customers\/our-achievements\/","og_locale":"en_US","og_type":"article","og_title":"Our achievements - Consileon - IT Consulting","og_description":"The effects of our work repeatedly helped to win prizes and awards in international and national competitions.","og_url":"https:\/\/consileon.pl\/en\/customers\/our-achievements\/","og_site_name":"Consileon - IT Consulting","article_modified_time":"2017-01-26T08:40:02+00:00","twitter_card":"summary_large_image","twitter_misc":{"Szacowany czas czytania":"1 minuta"},"schema":{"@context":"https:\/\/schema.org","@graph":[{"@type":"WebPage","@id":"https:\/\/consileon.pl\/en\/customers\/our-achievements\/","url":"https:\/\/consileon.pl\/en\/customers\/our-achievements\/","name":"Our achievements - Consileon - IT Consulting","isPartOf":{"@id":"https:\/\/consileon.pl\/en\/#website"},"datePublished":"2016-09-15T07:44:35+00:00","dateModified":"2017-01-26T08:40:02+00:00","description":"The effects of our work repeatedly helped to win prizes and awards in international and national competitions.","breadcrumb":{"@id":"https:\/\/consileon.pl\/en\/customers\/our-achievements\/#breadcrumb"},"inLanguage":"pl-PL","potentialAction":[{"@type":"ReadAction","target":["https:\/\/consileon.pl\/en\/customers\/our-achievements\/"]}]},{"@type":"BreadcrumbList","@id":"https:\/\/consileon.pl\/en\/customers\/our-achievements\/#breadcrumb","itemListElement":[{"@type":"ListItem","position":1,"name":"Strona g\u0142\u00f3wna","item":"https:\/\/consileon.pl\/en\/"},{"@type":"ListItem","position":2,"name":"Customers","item":"https:\/\/consileon.pl\/en\/customers\/"},{"@type":"ListItem","position":3,"name":"Our achievements"}]},{"@type":"WebSite","@id":"https:\/\/consileon.pl\/en\/#website","url":"https:\/\/consileon.pl\/en\/","name":"Consileon - IT Consulting","description":"Tworzymy nowoczesne rozwi\u0105zania software&#039;owe, oferujemy konsulitng i doradztwo do\u015bwiadczonych ekspert\u00f3w.","potentialAction":[{"@type":"SearchAction","target":{"@type":"EntryPoint","urlTemplate":"https:\/\/consileon.pl\/en\/?s={search_term_string}"},"query-input":{"@type":"PropertyValueSpecification","valueRequired":true,"valueName":"search_term_string"}}],"inLanguage":"pl-PL"}]}},"_links":{"self":[{"href":"https:\/\/consileon.pl\/en\/wp-json\/wp\/v2\/pages\/121","targetHints":{"allow":["GET"]}}],"collection":[{"href":"https:\/\/consileon.pl\/en\/wp-json\/wp\/v2\/pages"}],"about":[{"href":"https:\/\/consileon.pl\/en\/wp-json\/wp\/v2\/types\/page"}],"author":[{"embeddable":true,"href":"https:\/\/consileon.pl\/en\/wp-json\/wp\/v2\/users\/1"}],"replies":[{"embeddable":true,"href":"https:\/\/consileon.pl\/en\/wp-json\/wp\/v2\/comments?post=121"}],"version-history":[{"count":3,"href":"https:\/\/consileon.pl\/en\/wp-json\/wp\/v2\/pages\/121\/revisions"}],"predecessor-version":[{"id":296,"href":"https:\/\/consileon.pl\/en\/wp-json\/wp\/v2\/pages\/121\/revisions\/296"}],"up":[{"embeddable":true,"href":"https:\/\/consileon.pl\/en\/wp-json\/wp\/v2\/pages\/12"}],"wp:attachment":[{"href":"https:\/\/consileon.pl\/en\/wp-json\/wp\/v2\/media?parent=121"}],"curies":[{"name":"wp","href":"https:\/\/api.w.org\/{rel}","templated":true}]}}