{"id":139,"date":"2016-09-15T10:02:30","date_gmt":"2016-09-15T08:02:30","guid":{"rendered":"https:\/\/consileon.pl\/en\/?page_id=139"},"modified":"2017-01-26T09:43:54","modified_gmt":"2017-01-26T08:43:54","slug":"history","status":"publish","type":"page","link":"https:\/\/consileon.pl\/en\/about-us\/history\/","title":{"rendered":"History"},"content":{"rendered":"<p><span>History is a very important element for us. Thanks to it, today we can speak about the unique experience, skills and competences. Here are some important facts, that we would like to share.<\/span><\/p>\n<p class=\"highlight\"><strong>2015<\/strong><\/p>\n<p>We conquer the USA: we implement 2 projects in <strong>Silicon Valley<\/strong> and one for a company from <strong>New York<\/strong>. We implemented the INK platform at American universities &#8211; innovative printing kiosks, used by thousands of students today. Its implementation received the Diamond Matrix prize.<\/p>\n<p>Together with Syracom AG, our affiliated company, we started a cooperation with <strong>one of the biggest German investment banks<\/strong>. We support them in the implementation of the European Commission\u2019s Regulation PRIIPs (concerning the strengthening of investors\u2019 protection).<\/p>\n<p>We actively participated in the life of our industry: among others, we supported the organizers of Startup Weekend or Rails Girls Szczecin, where most coaches are also the members of our team.<\/p>\n<p>The Consileon Group is considered one of the top consulting companies in Germany.<\/p>\n<p>We closely operate within the Klaster IT group &#8211; in cooperation with other affiliated companies, we have completed 5 contracts.<\/p>\n<p class=\"highlight\"><strong>2014<\/strong><\/p>\n<p>The results clearly show that the implemented strategy brings measurable effect &#8211; for the first time in our history <strong>more than 50% of the revenue is generated through self-acquired projects<\/strong>. All this was achieved, among other thanks to cooperation with local IT companies that we met through our activities in West Pomeranian ICT cluster. We represent Szczecin at Berlin Outsourcing Forum and actively support the Rails Girls Szczecin, Geek Girls Carrots and as usual Netcamp and Devcrowd.<\/p>\n<p class=\"highlight\"><strong>2013<\/strong><\/p>\n<p>We started a cooperation with Print Boks &#8211; a Slovenian startup creating <strong>printing kiosks<\/strong>. In addition, we helped with implementations of Direct Carrier Billing class solution in such exotic countries as Singapore and Malaysia.<\/p>\n<p class=\"highlight\"><strong>2012<\/strong><\/p>\n<p>In cooperation with Net Mobile we undertake technical integration management of the <strong>Google Carrier Billing<\/strong> engine with the payment system of mobile telecommunications operators. In connection with the intensive development of the company on the Polish market in 2012 we prepared a new strategy taking into account the intense activity on the local market.<\/p>\n<p class=\"highlight\"><strong>2011<\/strong><\/p>\n<p>We take a large project from our parent company and build a huge d<strong>edicated ERP system for a union of more than 200 companies<\/strong> <strong>in the cosmetic industry<\/strong>. We begin our <strong>cooperation with Bank Pekao SA<\/strong>, one of the biggest Polish banks, to support it in building applications for more than 15 thousand employees. Due to significant budget spent on training we enrich our expertise in both programming and management.<\/p>\n<p class=\"highlight\"><strong>2010<\/strong><\/p>\n<p>We start working with <strong>Net Mobile <\/strong>&#8211; a subsidiary of the Japanese NTT Docomo, focused on <strong>mobile payments and content<\/strong> for more than 350 million mobile phone users in the world. This results in the implementation of a system to handle micropayments and in-app-payment, as well as portals enabling the creation, publication and sale of multimedia content on mobile devices.<\/p>\n<p>Consileon Group presents the first product &#8211; an application designed to <strong>simulate the calculation of complex systems of commission &#8211; ConProv<\/strong> and what is important is that the main part was done by our team.<\/p>\n<p class=\"highlight\"><strong>2009<\/strong><\/p>\n<p>We carry out projects commissioned by the German parent company &#8211; an example is a prestigious project for <strong>The Princely House of Liechtenstein<\/strong> group, providing estates and individual assets management services. The project is dedicated to support philanthropic activity.<\/p>\n<p>Consileon Polska commences cooperation with a startup in terms of innovative solutions changing the telecommunications market in Poland.<\/p>\n<p><strong>We join the Western Pomeranian ICT Cluster.<\/strong><\/p>\n<p class=\"highlight\"><strong>2008<\/strong><\/p>\n<p>More projects on the German market &#8211; for AWD \u2013 a group of companies specializing in consulting and financial planning. For startup www.femory.de we realize <strong>the first project in the <em>Ruby on Rails<\/em><\/strong>, and for the largest automotive concern in Europe, where we deal with the subject of data warehouse.<\/p>\n<p class=\"highlight\"><strong>2007<\/strong><\/p>\n<p>We continue to develop \u2013 it is a year of selection and development of project teams, both <strong>on-site and nearshore<\/strong>. Project needs show us the necessity of investing in staff &#8211; we begin the process of training graduates of the Faculty of Computer Science at the West Pomeranian University of Technology in Szczecin.<\/p>\n<p>There are new project orders from the German market &#8211; we acquire projects from two major customers: <strong>Germany&#8217;s largest bank<\/strong>, serving more than 14 million retail customers, and <strong>one of the largest providers of software and services for the financial sector.<\/strong><\/p>\n<p class=\"highlight\"><strong>2006<\/strong><\/p>\n<p>We realize <strong>the first project for the Polish customer<\/strong> \u2013 an e-commerce system dedicated for the Polish and German market.<\/p>\n<p>We start new projects on the German market: closed-end investment and pension funds management company as well as for a <strong>retail chain in Germany<\/strong>, having more than EUR 33 billion turnover per year and employing more than 200 thousand employees also being a member of a group of companies holding 15 thousand stores in 16 European countries.<\/p>\n<p>We win the first customer on the Danish market &#8211; the company SquareSquid.<\/p>\n<p class=\"highlight\"><strong>2005<\/strong><\/p>\n<p>Marcin Kaczmarek and Piotr Roubo, the first two Polish employees of the German parent company, <strong>establish Consileon Polska<\/strong>. From the beginning, we participate in the realization of works for financial institutions on the German market.<\/p>\n<p>The dynamic growth of the company occurs. Our team of developers is evaluated very highly, it is also fully qualified and perfectly adapts to our customers\u2019 project conditions.<\/p>\n","protected":false},"excerpt":{"rendered":"<p>History is a very important element for us. Thanks to it, today we can speak about the unique experience, skills and competences. Here are some important facts, that we would like to share. 2015 We conquer the USA: we implement 2 projects in Silicon Valley and one for a company from New York. We implemented [&hellip;]<\/p>\n","protected":false},"author":1,"featured_media":0,"parent":26,"menu_order":3,"comment_status":"closed","ping_status":"closed","template":"text.php","meta":{"footnotes":"","_links_to":"","_links_to_target":""},"class_list":["post-139","page","type-page","status-publish","hentry"],"yoast_head":"<!-- This site is optimized with the Yoast SEO plugin v26.4 - https:\/\/yoast.com\/wordpress\/plugins\/seo\/ -->\n<title>History - Consileon - IT Consulting<\/title>\n<meta name=\"description\" content=\"Key facts and milestones in the life of the company since its inception.\" \/>\n<meta name=\"robots\" content=\"index, follow, max-snippet:-1, max-image-preview:large, max-video-preview:-1\" \/>\n<link rel=\"canonical\" href=\"https:\/\/consileon.pl\/en\/about-us\/history\/\" \/>\n<meta property=\"og:locale\" content=\"en_US\" \/>\n<meta property=\"og:type\" content=\"article\" \/>\n<meta property=\"og:title\" content=\"History - Consileon - IT Consulting\" \/>\n<meta property=\"og:description\" content=\"Key facts and milestones in the life of the company since its inception.\" \/>\n<meta property=\"og:url\" content=\"https:\/\/consileon.pl\/en\/about-us\/history\/\" \/>\n<meta property=\"og:site_name\" content=\"Consileon - IT Consulting\" \/>\n<meta property=\"article:modified_time\" content=\"2017-01-26T08:43:54+00:00\" \/>\n<meta name=\"twitter:card\" content=\"summary_large_image\" \/>\n<meta name=\"twitter:label1\" content=\"Szacowany czas czytania\" \/>\n\t<meta name=\"twitter:data1\" content=\"4 minuty\" \/>\n<script type=\"application\/ld+json\" class=\"yoast-schema-graph\">{\"@context\":\"https:\/\/schema.org\",\"@graph\":[{\"@type\":\"WebPage\",\"@id\":\"https:\/\/consileon.pl\/en\/about-us\/history\/\",\"url\":\"https:\/\/consileon.pl\/en\/about-us\/history\/\",\"name\":\"History - Consileon - IT Consulting\",\"isPartOf\":{\"@id\":\"https:\/\/consileon.pl\/en\/#website\"},\"datePublished\":\"2016-09-15T08:02:30+00:00\",\"dateModified\":\"2017-01-26T08:43:54+00:00\",\"description\":\"Key facts and milestones in the life of the company since its inception.\",\"breadcrumb\":{\"@id\":\"https:\/\/consileon.pl\/en\/about-us\/history\/#breadcrumb\"},\"inLanguage\":\"pl-PL\",\"potentialAction\":[{\"@type\":\"ReadAction\",\"target\":[\"https:\/\/consileon.pl\/en\/about-us\/history\/\"]}]},{\"@type\":\"BreadcrumbList\",\"@id\":\"https:\/\/consileon.pl\/en\/about-us\/history\/#breadcrumb\",\"itemListElement\":[{\"@type\":\"ListItem\",\"position\":1,\"name\":\"Strona g\u0142\u00f3wna\",\"item\":\"https:\/\/consileon.pl\/en\/\"},{\"@type\":\"ListItem\",\"position\":2,\"name\":\"About us\",\"item\":\"https:\/\/consileon.pl\/en\/about-us\/\"},{\"@type\":\"ListItem\",\"position\":3,\"name\":\"History\"}]},{\"@type\":\"WebSite\",\"@id\":\"https:\/\/consileon.pl\/en\/#website\",\"url\":\"https:\/\/consileon.pl\/en\/\",\"name\":\"Consileon - IT Consulting\",\"description\":\"Tworzymy nowoczesne rozwi\u0105zania software&#039;owe, oferujemy konsulitng i doradztwo do\u015bwiadczonych ekspert\u00f3w.\",\"potentialAction\":[{\"@type\":\"SearchAction\",\"target\":{\"@type\":\"EntryPoint\",\"urlTemplate\":\"https:\/\/consileon.pl\/en\/?s={search_term_string}\"},\"query-input\":{\"@type\":\"PropertyValueSpecification\",\"valueRequired\":true,\"valueName\":\"search_term_string\"}}],\"inLanguage\":\"pl-PL\"}]}<\/script>\n<!-- \/ Yoast SEO plugin. -->","yoast_head_json":{"title":"History - Consileon - IT Consulting","description":"Key facts and milestones in the life of the company since its inception.","robots":{"index":"index","follow":"follow","max-snippet":"max-snippet:-1","max-image-preview":"max-image-preview:large","max-video-preview":"max-video-preview:-1"},"canonical":"https:\/\/consileon.pl\/en\/about-us\/history\/","og_locale":"en_US","og_type":"article","og_title":"History - Consileon - IT Consulting","og_description":"Key facts and milestones in the life of the company since its inception.","og_url":"https:\/\/consileon.pl\/en\/about-us\/history\/","og_site_name":"Consileon - IT Consulting","article_modified_time":"2017-01-26T08:43:54+00:00","twitter_card":"summary_large_image","twitter_misc":{"Szacowany czas czytania":"4 minuty"},"schema":{"@context":"https:\/\/schema.org","@graph":[{"@type":"WebPage","@id":"https:\/\/consileon.pl\/en\/about-us\/history\/","url":"https:\/\/consileon.pl\/en\/about-us\/history\/","name":"History - Consileon - IT Consulting","isPartOf":{"@id":"https:\/\/consileon.pl\/en\/#website"},"datePublished":"2016-09-15T08:02:30+00:00","dateModified":"2017-01-26T08:43:54+00:00","description":"Key facts and milestones in the life of the company since its inception.","breadcrumb":{"@id":"https:\/\/consileon.pl\/en\/about-us\/history\/#breadcrumb"},"inLanguage":"pl-PL","potentialAction":[{"@type":"ReadAction","target":["https:\/\/consileon.pl\/en\/about-us\/history\/"]}]},{"@type":"BreadcrumbList","@id":"https:\/\/consileon.pl\/en\/about-us\/history\/#breadcrumb","itemListElement":[{"@type":"ListItem","position":1,"name":"Strona g\u0142\u00f3wna","item":"https:\/\/consileon.pl\/en\/"},{"@type":"ListItem","position":2,"name":"About us","item":"https:\/\/consileon.pl\/en\/about-us\/"},{"@type":"ListItem","position":3,"name":"History"}]},{"@type":"WebSite","@id":"https:\/\/consileon.pl\/en\/#website","url":"https:\/\/consileon.pl\/en\/","name":"Consileon - IT Consulting","description":"Tworzymy nowoczesne rozwi\u0105zania software&#039;owe, oferujemy konsulitng i doradztwo do\u015bwiadczonych ekspert\u00f3w.","potentialAction":[{"@type":"SearchAction","target":{"@type":"EntryPoint","urlTemplate":"https:\/\/consileon.pl\/en\/?s={search_term_string}"},"query-input":{"@type":"PropertyValueSpecification","valueRequired":true,"valueName":"search_term_string"}}],"inLanguage":"pl-PL"}]}},"_links":{"self":[{"href":"https:\/\/consileon.pl\/en\/wp-json\/wp\/v2\/pages\/139","targetHints":{"allow":["GET"]}}],"collection":[{"href":"https:\/\/consileon.pl\/en\/wp-json\/wp\/v2\/pages"}],"about":[{"href":"https:\/\/consileon.pl\/en\/wp-json\/wp\/v2\/types\/page"}],"author":[{"embeddable":true,"href":"https:\/\/consileon.pl\/en\/wp-json\/wp\/v2\/users\/1"}],"replies":[{"embeddable":true,"href":"https:\/\/consileon.pl\/en\/wp-json\/wp\/v2\/comments?post=139"}],"version-history":[{"count":4,"href":"https:\/\/consileon.pl\/en\/wp-json\/wp\/v2\/pages\/139\/revisions"}],"predecessor-version":[{"id":301,"href":"https:\/\/consileon.pl\/en\/wp-json\/wp\/v2\/pages\/139\/revisions\/301"}],"up":[{"embeddable":true,"href":"https:\/\/consileon.pl\/en\/wp-json\/wp\/v2\/pages\/26"}],"wp:attachment":[{"href":"https:\/\/consileon.pl\/en\/wp-json\/wp\/v2\/media?parent=139"}],"curies":[{"name":"wp","href":"https:\/\/api.w.org\/{rel}","templated":true}]}}