{"id":141,"date":"2016-09-15T10:04:52","date_gmt":"2016-09-15T08:04:52","guid":{"rendered":"https:\/\/consileon.pl\/en\/?page_id=141"},"modified":"2016-11-05T12:48:11","modified_gmt":"2016-11-05T11:48:11","slug":"organizations","status":"publish","type":"page","link":"https:\/\/consileon.pl\/en\/about-us\/organizations\/","title":{"rendered":"Organizations"},"content":{"rendered":"<p style=\"text-align: center;\"><a href=\"http:\/\/www.klaster.it\/pl\/\" target=\"_blank\"><img loading=\"lazy\" decoding=\"async\" class=\"size-medium wp-image-144 aligncenter\" src=\"https:\/\/consileon.pl\/wp-content\/uploads\/sites\/2\/2016\/09\/czlonkostwo-klasterit-300x63.png\" alt=\"czlonkostwo-klasterit\" width=\"300\" height=\"63\" srcset=\"https:\/\/consileon.pl\/en\/wp-content\/uploads\/sites\/2\/2016\/09\/czlonkostwo-klasterit-300x63.png 300w, https:\/\/consileon.pl\/en\/wp-content\/uploads\/sites\/2\/2016\/09\/czlonkostwo-klasterit.png 400w\" sizes=\"auto, (max-width: 300px) 100vw, 300px\" \/><\/a><\/p>\n<p style=\"text-align: center;\">Member of the Board of Klaster IT in West Pomerania<\/p>\n<p>&nbsp;<\/p>\n<p>&nbsp;<\/p>\n<p style=\"text-align: center;\"><a href=\"http:\/\/www.zut.edu.pl\/\" target=\"_blank\"><img loading=\"lazy\" decoding=\"async\" class=\"alignnone size-medium wp-image-145\" src=\"https:\/\/consileon.pl\/wp-content\/uploads\/sites\/2\/2016\/09\/czlonkostwo-zut-287x300.png\" alt=\"czlonkostwo-zut\" width=\"287\" height=\"300\" srcset=\"https:\/\/consileon.pl\/en\/wp-content\/uploads\/sites\/2\/2016\/09\/czlonkostwo-zut-287x300.png 287w, https:\/\/consileon.pl\/en\/wp-content\/uploads\/sites\/2\/2016\/09\/czlonkostwo-zut.png 300w\" sizes=\"auto, (max-width: 287px) 100vw, 287px\" \/><\/a><\/p>\n<p style=\"text-align: center;\">Graduates Competence Counselor at Department of Computer Science of West Pomeranian University of Technology<\/p>\n","protected":false},"excerpt":{"rendered":"<p>Member of the Board of Klaster IT in West Pomerania &nbsp; &nbsp; Graduates Competence Counselor at Department of Computer Science of West Pomeranian University of Technology<\/p>\n","protected":false},"author":1,"featured_media":0,"parent":26,"menu_order":4,"comment_status":"closed","ping_status":"closed","template":"text.php","meta":{"footnotes":"","_links_to":"","_links_to_target":""},"class_list":["post-141","page","type-page","status-publish","hentry"],"yoast_head":"<!-- This site is optimized with the Yoast SEO plugin v26.4 - https:\/\/yoast.com\/wordpress\/plugins\/seo\/ -->\n<title>Organizations - Consileon - IT Consulting<\/title>\n<meta name=\"robots\" content=\"index, follow, max-snippet:-1, max-image-preview:large, max-video-preview:-1\" \/>\n<link rel=\"canonical\" href=\"https:\/\/consileon.pl\/en\/about-us\/organizations\/\" \/>\n<meta property=\"og:locale\" content=\"en_US\" \/>\n<meta property=\"og:type\" content=\"article\" \/>\n<meta property=\"og:title\" content=\"Organizations - Consileon - IT Consulting\" \/>\n<meta property=\"og:description\" content=\"Member of the Board of Klaster IT in West Pomerania &nbsp; &nbsp; Graduates Competence Counselor at Department of Computer Science of West Pomeranian University of Technology\" \/>\n<meta property=\"og:url\" content=\"https:\/\/consileon.pl\/en\/about-us\/organizations\/\" \/>\n<meta property=\"og:site_name\" content=\"Consileon - IT Consulting\" \/>\n<meta property=\"article:modified_time\" content=\"2016-11-05T11:48:11+00:00\" \/>\n<meta property=\"og:image\" content=\"https:\/\/consileon.pl\/en\/wp-content\/uploads\/sites\/2\/2016\/09\/czlonkostwo-klasterit.png\" \/>\n\t<meta property=\"og:image:width\" content=\"400\" \/>\n\t<meta property=\"og:image:height\" content=\"84\" \/>\n\t<meta property=\"og:image:type\" content=\"image\/png\" \/>\n<meta name=\"twitter:card\" content=\"summary_large_image\" \/>\n<script type=\"application\/ld+json\" class=\"yoast-schema-graph\">{\"@context\":\"https:\/\/schema.org\",\"@graph\":[{\"@type\":\"WebPage\",\"@id\":\"https:\/\/consileon.pl\/en\/about-us\/organizations\/\",\"url\":\"https:\/\/consileon.pl\/en\/about-us\/organizations\/\",\"name\":\"Organizations - Consileon - IT Consulting\",\"isPartOf\":{\"@id\":\"https:\/\/consileon.pl\/en\/#website\"},\"primaryImageOfPage\":{\"@id\":\"https:\/\/consileon.pl\/en\/about-us\/organizations\/#primaryimage\"},\"image\":{\"@id\":\"https:\/\/consileon.pl\/en\/about-us\/organizations\/#primaryimage\"},\"thumbnailUrl\":\"https:\/\/consileon.pl\/wp-content\/uploads\/sites\/2\/2016\/09\/czlonkostwo-klasterit-300x63.png\",\"datePublished\":\"2016-09-15T08:04:52+00:00\",\"dateModified\":\"2016-11-05T11:48:11+00:00\",\"breadcrumb\":{\"@id\":\"https:\/\/consileon.pl\/en\/about-us\/organizations\/#breadcrumb\"},\"inLanguage\":\"pl-PL\",\"potentialAction\":[{\"@type\":\"ReadAction\",\"target\":[\"https:\/\/consileon.pl\/en\/about-us\/organizations\/\"]}]},{\"@type\":\"ImageObject\",\"inLanguage\":\"pl-PL\",\"@id\":\"https:\/\/consileon.pl\/en\/about-us\/organizations\/#primaryimage\",\"url\":\"https:\/\/consileon.pl\/wp-content\/uploads\/sites\/2\/2016\/09\/czlonkostwo-klasterit-300x63.png\",\"contentUrl\":\"https:\/\/consileon.pl\/wp-content\/uploads\/sites\/2\/2016\/09\/czlonkostwo-klasterit-300x63.png\"},{\"@type\":\"BreadcrumbList\",\"@id\":\"https:\/\/consileon.pl\/en\/about-us\/organizations\/#breadcrumb\",\"itemListElement\":[{\"@type\":\"ListItem\",\"position\":1,\"name\":\"Strona g\u0142\u00f3wna\",\"item\":\"https:\/\/consileon.pl\/en\/\"},{\"@type\":\"ListItem\",\"position\":2,\"name\":\"About us\",\"item\":\"https:\/\/consileon.pl\/en\/about-us\/\"},{\"@type\":\"ListItem\",\"position\":3,\"name\":\"Organizations\"}]},{\"@type\":\"WebSite\",\"@id\":\"https:\/\/consileon.pl\/en\/#website\",\"url\":\"https:\/\/consileon.pl\/en\/\",\"name\":\"Consileon - IT Consulting\",\"description\":\"Tworzymy nowoczesne rozwi\u0105zania software&#039;owe, oferujemy konsulitng i doradztwo do\u015bwiadczonych ekspert\u00f3w.\",\"potentialAction\":[{\"@type\":\"SearchAction\",\"target\":{\"@type\":\"EntryPoint\",\"urlTemplate\":\"https:\/\/consileon.pl\/en\/?s={search_term_string}\"},\"query-input\":{\"@type\":\"PropertyValueSpecification\",\"valueRequired\":true,\"valueName\":\"search_term_string\"}}],\"inLanguage\":\"pl-PL\"}]}<\/script>\n<!-- \/ Yoast SEO plugin. -->","yoast_head_json":{"title":"Organizations - Consileon - IT Consulting","robots":{"index":"index","follow":"follow","max-snippet":"max-snippet:-1","max-image-preview":"max-image-preview:large","max-video-preview":"max-video-preview:-1"},"canonical":"https:\/\/consileon.pl\/en\/about-us\/organizations\/","og_locale":"en_US","og_type":"article","og_title":"Organizations - Consileon - IT Consulting","og_description":"Member of the Board of Klaster IT in West Pomerania &nbsp; &nbsp; Graduates Competence Counselor at Department of Computer Science of West Pomeranian University of Technology","og_url":"https:\/\/consileon.pl\/en\/about-us\/organizations\/","og_site_name":"Consileon - IT Consulting","article_modified_time":"2016-11-05T11:48:11+00:00","og_image":[{"width":400,"height":84,"url":"https:\/\/consileon.pl\/en\/wp-content\/uploads\/sites\/2\/2016\/09\/czlonkostwo-klasterit.png","type":"image\/png"}],"twitter_card":"summary_large_image","schema":{"@context":"https:\/\/schema.org","@graph":[{"@type":"WebPage","@id":"https:\/\/consileon.pl\/en\/about-us\/organizations\/","url":"https:\/\/consileon.pl\/en\/about-us\/organizations\/","name":"Organizations - Consileon - IT Consulting","isPartOf":{"@id":"https:\/\/consileon.pl\/en\/#website"},"primaryImageOfPage":{"@id":"https:\/\/consileon.pl\/en\/about-us\/organizations\/#primaryimage"},"image":{"@id":"https:\/\/consileon.pl\/en\/about-us\/organizations\/#primaryimage"},"thumbnailUrl":"https:\/\/consileon.pl\/wp-content\/uploads\/sites\/2\/2016\/09\/czlonkostwo-klasterit-300x63.png","datePublished":"2016-09-15T08:04:52+00:00","dateModified":"2016-11-05T11:48:11+00:00","breadcrumb":{"@id":"https:\/\/consileon.pl\/en\/about-us\/organizations\/#breadcrumb"},"inLanguage":"pl-PL","potentialAction":[{"@type":"ReadAction","target":["https:\/\/consileon.pl\/en\/about-us\/organizations\/"]}]},{"@type":"ImageObject","inLanguage":"pl-PL","@id":"https:\/\/consileon.pl\/en\/about-us\/organizations\/#primaryimage","url":"https:\/\/consileon.pl\/wp-content\/uploads\/sites\/2\/2016\/09\/czlonkostwo-klasterit-300x63.png","contentUrl":"https:\/\/consileon.pl\/wp-content\/uploads\/sites\/2\/2016\/09\/czlonkostwo-klasterit-300x63.png"},{"@type":"BreadcrumbList","@id":"https:\/\/consileon.pl\/en\/about-us\/organizations\/#breadcrumb","itemListElement":[{"@type":"ListItem","position":1,"name":"Strona g\u0142\u00f3wna","item":"https:\/\/consileon.pl\/en\/"},{"@type":"ListItem","position":2,"name":"About us","item":"https:\/\/consileon.pl\/en\/about-us\/"},{"@type":"ListItem","position":3,"name":"Organizations"}]},{"@type":"WebSite","@id":"https:\/\/consileon.pl\/en\/#website","url":"https:\/\/consileon.pl\/en\/","name":"Consileon - IT Consulting","description":"Tworzymy nowoczesne rozwi\u0105zania software&#039;owe, oferujemy konsulitng i doradztwo do\u015bwiadczonych ekspert\u00f3w.","potentialAction":[{"@type":"SearchAction","target":{"@type":"EntryPoint","urlTemplate":"https:\/\/consileon.pl\/en\/?s={search_term_string}"},"query-input":{"@type":"PropertyValueSpecification","valueRequired":true,"valueName":"search_term_string"}}],"inLanguage":"pl-PL"}]}},"_links":{"self":[{"href":"https:\/\/consileon.pl\/en\/wp-json\/wp\/v2\/pages\/141","targetHints":{"allow":["GET"]}}],"collection":[{"href":"https:\/\/consileon.pl\/en\/wp-json\/wp\/v2\/pages"}],"about":[{"href":"https:\/\/consileon.pl\/en\/wp-json\/wp\/v2\/types\/page"}],"author":[{"embeddable":true,"href":"https:\/\/consileon.pl\/en\/wp-json\/wp\/v2\/users\/1"}],"replies":[{"embeddable":true,"href":"https:\/\/consileon.pl\/en\/wp-json\/wp\/v2\/comments?post=141"}],"version-history":[{"count":8,"href":"https:\/\/consileon.pl\/en\/wp-json\/wp\/v2\/pages\/141\/revisions"}],"predecessor-version":[{"id":302,"href":"https:\/\/consileon.pl\/en\/wp-json\/wp\/v2\/pages\/141\/revisions\/302"}],"up":[{"embeddable":true,"href":"https:\/\/consileon.pl\/en\/wp-json\/wp\/v2\/pages\/26"}],"wp:attachment":[{"href":"https:\/\/consileon.pl\/en\/wp-json\/wp\/v2\/media?parent=141"}],"curies":[{"name":"wp","href":"https:\/\/api.w.org\/{rel}","templated":true}]}}