{"id":18,"date":"2016-09-13T07:46:13","date_gmt":"2016-09-13T05:46:13","guid":{"rendered":"https:\/\/consileon.pl\/en\/?page_id=18"},"modified":"2018-04-20T14:08:01","modified_gmt":"2018-04-20T12:08:01","slug":"references","status":"publish","type":"page","link":"https:\/\/consileon.pl\/en\/customers\/references\/","title":{"rendered":"References"},"content":{"rendered":"","protected":false},"excerpt":{"rendered":"","protected":false},"author":1,"featured_media":0,"parent":12,"menu_order":0,"comment_status":"closed","ping_status":"closed","template":"references.php","meta":{"footnotes":"","_links_to":"","_links_to_target":""},"class_list":["post-18","page","type-page","status-publish","hentry"],"yoast_head":"<!-- This site is optimized with the Yoast SEO plugin v26.4 - https:\/\/yoast.com\/wordpress\/plugins\/seo\/ -->\n<title>References - Consileon - IT Consulting<\/title>\n<meta name=\"robots\" content=\"index, follow, max-snippet:-1, max-image-preview:large, max-video-preview:-1\" \/>\n<link rel=\"canonical\" href=\"https:\/\/consileon.pl\/en\/customers\/references\/\" \/>\n<meta property=\"og:locale\" content=\"en_US\" \/>\n<meta property=\"og:type\" content=\"article\" \/>\n<meta property=\"og:title\" content=\"References - Consileon - IT Consulting\" \/>\n<meta property=\"og:url\" content=\"https:\/\/consileon.pl\/en\/customers\/references\/\" \/>\n<meta property=\"og:site_name\" content=\"Consileon - IT Consulting\" \/>\n<meta property=\"article:modified_time\" content=\"2018-04-20T12:08:01+00:00\" \/>\n<meta name=\"twitter:card\" content=\"summary_large_image\" \/>\n<script type=\"application\/ld+json\" class=\"yoast-schema-graph\">{\"@context\":\"https:\/\/schema.org\",\"@graph\":[{\"@type\":\"WebPage\",\"@id\":\"https:\/\/consileon.pl\/en\/customers\/references\/\",\"url\":\"https:\/\/consileon.pl\/en\/customers\/references\/\",\"name\":\"References - Consileon - IT Consulting\",\"isPartOf\":{\"@id\":\"https:\/\/consileon.pl\/en\/#website\"},\"datePublished\":\"2016-09-13T05:46:13+00:00\",\"dateModified\":\"2018-04-20T12:08:01+00:00\",\"breadcrumb\":{\"@id\":\"https:\/\/consileon.pl\/en\/customers\/references\/#breadcrumb\"},\"inLanguage\":\"pl-PL\",\"potentialAction\":[{\"@type\":\"ReadAction\",\"target\":[\"https:\/\/consileon.pl\/en\/customers\/references\/\"]}]},{\"@type\":\"BreadcrumbList\",\"@id\":\"https:\/\/consileon.pl\/en\/customers\/references\/#breadcrumb\",\"itemListElement\":[{\"@type\":\"ListItem\",\"position\":1,\"name\":\"Strona g\u0142\u00f3wna\",\"item\":\"https:\/\/consileon.pl\/en\/\"},{\"@type\":\"ListItem\",\"position\":2,\"name\":\"Customers\",\"item\":\"https:\/\/consileon.pl\/en\/customers\/\"},{\"@type\":\"ListItem\",\"position\":3,\"name\":\"References\"}]},{\"@type\":\"WebSite\",\"@id\":\"https:\/\/consileon.pl\/en\/#website\",\"url\":\"https:\/\/consileon.pl\/en\/\",\"name\":\"Consileon - IT Consulting\",\"description\":\"Tworzymy nowoczesne rozwi\u0105zania software&#039;owe, oferujemy konsulitng i doradztwo do\u015bwiadczonych ekspert\u00f3w.\",\"potentialAction\":[{\"@type\":\"SearchAction\",\"target\":{\"@type\":\"EntryPoint\",\"urlTemplate\":\"https:\/\/consileon.pl\/en\/?s={search_term_string}\"},\"query-input\":{\"@type\":\"PropertyValueSpecification\",\"valueRequired\":true,\"valueName\":\"search_term_string\"}}],\"inLanguage\":\"pl-PL\"}]}<\/script>\n<!-- \/ Yoast SEO plugin. -->","yoast_head_json":{"title":"References - Consileon - IT Consulting","robots":{"index":"index","follow":"follow","max-snippet":"max-snippet:-1","max-image-preview":"max-image-preview:large","max-video-preview":"max-video-preview:-1"},"canonical":"https:\/\/consileon.pl\/en\/customers\/references\/","og_locale":"en_US","og_type":"article","og_title":"References - Consileon - IT Consulting","og_url":"https:\/\/consileon.pl\/en\/customers\/references\/","og_site_name":"Consileon - IT Consulting","article_modified_time":"2018-04-20T12:08:01+00:00","twitter_card":"summary_large_image","schema":{"@context":"https:\/\/schema.org","@graph":[{"@type":"WebPage","@id":"https:\/\/consileon.pl\/en\/customers\/references\/","url":"https:\/\/consileon.pl\/en\/customers\/references\/","name":"References - Consileon - IT Consulting","isPartOf":{"@id":"https:\/\/consileon.pl\/en\/#website"},"datePublished":"2016-09-13T05:46:13+00:00","dateModified":"2018-04-20T12:08:01+00:00","breadcrumb":{"@id":"https:\/\/consileon.pl\/en\/customers\/references\/#breadcrumb"},"inLanguage":"pl-PL","potentialAction":[{"@type":"ReadAction","target":["https:\/\/consileon.pl\/en\/customers\/references\/"]}]},{"@type":"BreadcrumbList","@id":"https:\/\/consileon.pl\/en\/customers\/references\/#breadcrumb","itemListElement":[{"@type":"ListItem","position":1,"name":"Strona g\u0142\u00f3wna","item":"https:\/\/consileon.pl\/en\/"},{"@type":"ListItem","position":2,"name":"Customers","item":"https:\/\/consileon.pl\/en\/customers\/"},{"@type":"ListItem","position":3,"name":"References"}]},{"@type":"WebSite","@id":"https:\/\/consileon.pl\/en\/#website","url":"https:\/\/consileon.pl\/en\/","name":"Consileon - IT Consulting","description":"Tworzymy nowoczesne rozwi\u0105zania software&#039;owe, oferujemy konsulitng i doradztwo do\u015bwiadczonych ekspert\u00f3w.","potentialAction":[{"@type":"SearchAction","target":{"@type":"EntryPoint","urlTemplate":"https:\/\/consileon.pl\/en\/?s={search_term_string}"},"query-input":{"@type":"PropertyValueSpecification","valueRequired":true,"valueName":"search_term_string"}}],"inLanguage":"pl-PL"}]}},"_links":{"self":[{"href":"https:\/\/consileon.pl\/en\/wp-json\/wp\/v2\/pages\/18","targetHints":{"allow":["GET"]}}],"collection":[{"href":"https:\/\/consileon.pl\/en\/wp-json\/wp\/v2\/pages"}],"about":[{"href":"https:\/\/consileon.pl\/en\/wp-json\/wp\/v2\/types\/page"}],"author":[{"embeddable":true,"href":"https:\/\/consileon.pl\/en\/wp-json\/wp\/v2\/users\/1"}],"replies":[{"embeddable":true,"href":"https:\/\/consileon.pl\/en\/wp-json\/wp\/v2\/comments?post=18"}],"version-history":[{"count":10,"href":"https:\/\/consileon.pl\/en\/wp-json\/wp\/v2\/pages\/18\/revisions"}],"predecessor-version":[{"id":500,"href":"https:\/\/consileon.pl\/en\/wp-json\/wp\/v2\/pages\/18\/revisions\/500"}],"up":[{"embeddable":true,"href":"https:\/\/consileon.pl\/en\/wp-json\/wp\/v2\/pages\/12"}],"wp:attachment":[{"href":"https:\/\/consileon.pl\/en\/wp-json\/wp\/v2\/media?parent=18"}],"curies":[{"name":"wp","href":"https:\/\/api.w.org\/{rel}","templated":true}]}}