{"id":20,"date":"2016-09-13T08:17:56","date_gmt":"2016-09-13T06:17:56","guid":{"rendered":"https:\/\/consileon.pl\/en\/?page_id=20"},"modified":"2018-06-18T10:09:35","modified_gmt":"2018-06-18T08:09:35","slug":"career","status":"publish","type":"page","link":"https:\/\/consileon.pl\/en\/career\/","title":{"rendered":"Career"},"content":{"rendered":"<p><b>Join Consileon!<\/b><\/p>\n<p>Consileon Polska is, above all, a company made of amazing people and their unique experience. Attractive professional challenges and opportunities, as well as company support &#8211; this is our standard. We do not execute projects that are simple and easy, and that is why we employ the best, and the recruitment process is not easy. But once we accept a new member of the team, we make sure to keep him motivated and appreciated for his hard work. Our employees do not have a chance to learn what stagnation and boredom at work is. We assign them to different projects where they play different roles, so this way, they can expand their abilities.<\/p>\n<p>We may have high requirements, but at the same time we have a lot to offer. We place great emphasis on continuous development of our employees &#8211; each of them has their own training budget and a time-frame for learning new technologies and issues that could help them at work. Thanks to many international projects, our employees often participate in business trips and work directly with the customer. It is important for us to build a solid and complete mutual trust relations with our contractors, therefore, we place great importance on soft skills of our employees. If you are an open person, if you like to take up challenges, if you can work in a team, if you want to constantly develop your skills and work in an international environment \u2013 <strong><a href=\"mailto:praca@consileon.pl\">apply now, we will be happy to hear from you.<\/a><\/strong><\/p>\n<p>Please remember that we need your consent for data processing.<br \/>\nYou may copy the following text:<\/p>\n<blockquote><p>\n  <textarea id=\"consileon\" rows=\"4\" style=\"font-style: italic; color: #ff597d;\">I hereby give my consent for my personal data included in my application to be processed for the purposes of current and future recruitment processes, including recruitment regarding other positions under the Act of May 10th, 2018 on the Protection of Personal Data (Journal of Laws No. 2018, item 1000), by Consileon Polska Sp. z o.o. with the registered office at ul.Cyfrowa 8, 71-441 Szczecin<\/textarea>\n<\/p><\/blockquote>\n<p><button class=\"btn\" data-clipboard-target=\"#consileon\"> Copy to clipboard <\/button><\/p>\n<p>More info regarding Personal Data Protection Policy here: <a href=\"https:\/\/consileon.pl\/en\/privacy-policy\/\">https:\/\/consileon.pl\/en\/privacy-policy\/<\/a><\/p>\n","protected":false},"excerpt":{"rendered":"<p>Join Consileon! Consileon Polska is, above all, a company made of amazing people and their unique experience. Attractive professional challenges and opportunities, as well as company support &#8211; this is our standard. We do not execute projects that are simple and easy, and that is why we employ the best, and the recruitment process is [&hellip;]<\/p>\n","protected":false},"author":1,"featured_media":0,"parent":0,"menu_order":0,"comment_status":"closed","ping_status":"closed","template":"text.php","meta":{"footnotes":"","_links_to":"","_links_to_target":""},"class_list":["post-20","page","type-page","status-publish","hentry"],"yoast_head":"<!-- This site is optimized with the Yoast SEO plugin v26.4 - https:\/\/yoast.com\/wordpress\/plugins\/seo\/ -->\n<title>Career - Consileon - IT Consulting<\/title>\n<meta name=\"description\" content=\"We focus on the best. We offer challenging and diverse projects, continuous development, foreign trips and appropriate financial incentives. Join us!\" \/>\n<meta name=\"robots\" content=\"index, follow, max-snippet:-1, max-image-preview:large, max-video-preview:-1\" \/>\n<link rel=\"canonical\" href=\"https:\/\/consileon.pl\/en\/career\/\" \/>\n<meta property=\"og:locale\" content=\"en_US\" \/>\n<meta property=\"og:type\" content=\"article\" \/>\n<meta property=\"og:title\" content=\"Career - Consileon - IT Consulting\" \/>\n<meta property=\"og:description\" content=\"We focus on the best. We offer challenging and diverse projects, continuous development, foreign trips and appropriate financial incentives. Join us!\" \/>\n<meta property=\"og:url\" content=\"https:\/\/consileon.pl\/en\/career\/\" \/>\n<meta property=\"og:site_name\" content=\"Consileon - IT Consulting\" \/>\n<meta property=\"article:modified_time\" content=\"2018-06-18T08:09:35+00:00\" \/>\n<meta name=\"twitter:card\" content=\"summary_large_image\" \/>\n<meta name=\"twitter:label1\" content=\"Szacowany czas czytania\" \/>\n\t<meta name=\"twitter:data1\" content=\"2 minuty\" \/>\n<script type=\"application\/ld+json\" class=\"yoast-schema-graph\">{\"@context\":\"https:\/\/schema.org\",\"@graph\":[{\"@type\":\"WebPage\",\"@id\":\"https:\/\/consileon.pl\/en\/career\/\",\"url\":\"https:\/\/consileon.pl\/en\/career\/\",\"name\":\"Career - Consileon - IT Consulting\",\"isPartOf\":{\"@id\":\"https:\/\/consileon.pl\/en\/#website\"},\"datePublished\":\"2016-09-13T06:17:56+00:00\",\"dateModified\":\"2018-06-18T08:09:35+00:00\",\"description\":\"We focus on the best. We offer challenging and diverse projects, continuous development, foreign trips and appropriate financial incentives. Join us!\",\"breadcrumb\":{\"@id\":\"https:\/\/consileon.pl\/en\/career\/#breadcrumb\"},\"inLanguage\":\"pl-PL\",\"potentialAction\":[{\"@type\":\"ReadAction\",\"target\":[\"https:\/\/consileon.pl\/en\/career\/\"]}]},{\"@type\":\"BreadcrumbList\",\"@id\":\"https:\/\/consileon.pl\/en\/career\/#breadcrumb\",\"itemListElement\":[{\"@type\":\"ListItem\",\"position\":1,\"name\":\"Strona g\u0142\u00f3wna\",\"item\":\"https:\/\/consileon.pl\/en\/\"},{\"@type\":\"ListItem\",\"position\":2,\"name\":\"Career\"}]},{\"@type\":\"WebSite\",\"@id\":\"https:\/\/consileon.pl\/en\/#website\",\"url\":\"https:\/\/consileon.pl\/en\/\",\"name\":\"Consileon - IT Consulting\",\"description\":\"Tworzymy nowoczesne rozwi\u0105zania software&#039;owe, oferujemy konsulitng i doradztwo do\u015bwiadczonych ekspert\u00f3w.\",\"potentialAction\":[{\"@type\":\"SearchAction\",\"target\":{\"@type\":\"EntryPoint\",\"urlTemplate\":\"https:\/\/consileon.pl\/en\/?s={search_term_string}\"},\"query-input\":{\"@type\":\"PropertyValueSpecification\",\"valueRequired\":true,\"valueName\":\"search_term_string\"}}],\"inLanguage\":\"pl-PL\"}]}<\/script>\n<!-- \/ Yoast SEO plugin. -->","yoast_head_json":{"title":"Career - Consileon - IT Consulting","description":"We focus on the best. We offer challenging and diverse projects, continuous development, foreign trips and appropriate financial incentives. Join us!","robots":{"index":"index","follow":"follow","max-snippet":"max-snippet:-1","max-image-preview":"max-image-preview:large","max-video-preview":"max-video-preview:-1"},"canonical":"https:\/\/consileon.pl\/en\/career\/","og_locale":"en_US","og_type":"article","og_title":"Career - Consileon - IT Consulting","og_description":"We focus on the best. We offer challenging and diverse projects, continuous development, foreign trips and appropriate financial incentives. Join us!","og_url":"https:\/\/consileon.pl\/en\/career\/","og_site_name":"Consileon - IT Consulting","article_modified_time":"2018-06-18T08:09:35+00:00","twitter_card":"summary_large_image","twitter_misc":{"Szacowany czas czytania":"2 minuty"},"schema":{"@context":"https:\/\/schema.org","@graph":[{"@type":"WebPage","@id":"https:\/\/consileon.pl\/en\/career\/","url":"https:\/\/consileon.pl\/en\/career\/","name":"Career - Consileon - IT Consulting","isPartOf":{"@id":"https:\/\/consileon.pl\/en\/#website"},"datePublished":"2016-09-13T06:17:56+00:00","dateModified":"2018-06-18T08:09:35+00:00","description":"We focus on the best. We offer challenging and diverse projects, continuous development, foreign trips and appropriate financial incentives. Join us!","breadcrumb":{"@id":"https:\/\/consileon.pl\/en\/career\/#breadcrumb"},"inLanguage":"pl-PL","potentialAction":[{"@type":"ReadAction","target":["https:\/\/consileon.pl\/en\/career\/"]}]},{"@type":"BreadcrumbList","@id":"https:\/\/consileon.pl\/en\/career\/#breadcrumb","itemListElement":[{"@type":"ListItem","position":1,"name":"Strona g\u0142\u00f3wna","item":"https:\/\/consileon.pl\/en\/"},{"@type":"ListItem","position":2,"name":"Career"}]},{"@type":"WebSite","@id":"https:\/\/consileon.pl\/en\/#website","url":"https:\/\/consileon.pl\/en\/","name":"Consileon - IT Consulting","description":"Tworzymy nowoczesne rozwi\u0105zania software&#039;owe, oferujemy konsulitng i doradztwo do\u015bwiadczonych ekspert\u00f3w.","potentialAction":[{"@type":"SearchAction","target":{"@type":"EntryPoint","urlTemplate":"https:\/\/consileon.pl\/en\/?s={search_term_string}"},"query-input":{"@type":"PropertyValueSpecification","valueRequired":true,"valueName":"search_term_string"}}],"inLanguage":"pl-PL"}]}},"_links":{"self":[{"href":"https:\/\/consileon.pl\/en\/wp-json\/wp\/v2\/pages\/20","targetHints":{"allow":["GET"]}}],"collection":[{"href":"https:\/\/consileon.pl\/en\/wp-json\/wp\/v2\/pages"}],"about":[{"href":"https:\/\/consileon.pl\/en\/wp-json\/wp\/v2\/types\/page"}],"author":[{"embeddable":true,"href":"https:\/\/consileon.pl\/en\/wp-json\/wp\/v2\/users\/1"}],"replies":[{"embeddable":true,"href":"https:\/\/consileon.pl\/en\/wp-json\/wp\/v2\/comments?post=20"}],"version-history":[{"count":9,"href":"https:\/\/consileon.pl\/en\/wp-json\/wp\/v2\/pages\/20\/revisions"}],"predecessor-version":[{"id":514,"href":"https:\/\/consileon.pl\/en\/wp-json\/wp\/v2\/pages\/20\/revisions\/514"}],"wp:attachment":[{"href":"https:\/\/consileon.pl\/en\/wp-json\/wp\/v2\/media?parent=20"}],"curies":[{"name":"wp","href":"https:\/\/api.w.org\/{rel}","templated":true}]}}