{"id":24,"date":"2016-09-13T08:24:45","date_gmt":"2016-09-13T06:24:45","guid":{"rendered":"https:\/\/consileon.pl\/en\/?page_id=24"},"modified":"2018-01-04T15:08:29","modified_gmt":"2018-01-04T14:08:29","slug":"contact-us","status":"publish","type":"page","link":"https:\/\/consileon.pl\/en\/contact-us\/","title":{"rendered":"Contact us"},"content":{"rendered":"","protected":false},"excerpt":{"rendered":"","protected":false},"author":1,"featured_media":0,"parent":0,"menu_order":0,"comment_status":"closed","ping_status":"closed","template":"contact.php","meta":{"footnotes":"","_links_to":"","_links_to_target":""},"class_list":["post-24","page","type-page","status-publish","hentry"],"yoast_head":"<!-- This site is optimized with the Yoast SEO plugin v26.4 - https:\/\/yoast.com\/wordpress\/plugins\/seo\/ -->\n<title>Contact us - Consileon - IT Consulting<\/title>\n<meta name=\"description\" content=\"How can we help in your project?\" \/>\n<meta name=\"robots\" content=\"index, follow, max-snippet:-1, max-image-preview:large, max-video-preview:-1\" \/>\n<link rel=\"canonical\" href=\"https:\/\/consileon.pl\/en\/contact-us\/\" \/>\n<meta property=\"og:locale\" content=\"en_US\" \/>\n<meta property=\"og:type\" content=\"article\" \/>\n<meta property=\"og:title\" content=\"Contact us - Consileon - IT Consulting\" \/>\n<meta property=\"og:description\" content=\"How can we help in your project?\" \/>\n<meta property=\"og:url\" content=\"https:\/\/consileon.pl\/en\/contact-us\/\" \/>\n<meta property=\"og:site_name\" content=\"Consileon - IT Consulting\" \/>\n<meta property=\"article:modified_time\" content=\"2018-01-04T14:08:29+00:00\" \/>\n<meta name=\"twitter:card\" content=\"summary_large_image\" \/>\n<script type=\"application\/ld+json\" class=\"yoast-schema-graph\">{\"@context\":\"https:\/\/schema.org\",\"@graph\":[{\"@type\":\"WebPage\",\"@id\":\"https:\/\/consileon.pl\/en\/contact-us\/\",\"url\":\"https:\/\/consileon.pl\/en\/contact-us\/\",\"name\":\"Contact us - Consileon - IT Consulting\",\"isPartOf\":{\"@id\":\"https:\/\/consileon.pl\/en\/#website\"},\"datePublished\":\"2016-09-13T06:24:45+00:00\",\"dateModified\":\"2018-01-04T14:08:29+00:00\",\"description\":\"How can we help in your project?\",\"breadcrumb\":{\"@id\":\"https:\/\/consileon.pl\/en\/contact-us\/#breadcrumb\"},\"inLanguage\":\"pl-PL\",\"potentialAction\":[{\"@type\":\"ReadAction\",\"target\":[\"https:\/\/consileon.pl\/en\/contact-us\/\"]}]},{\"@type\":\"BreadcrumbList\",\"@id\":\"https:\/\/consileon.pl\/en\/contact-us\/#breadcrumb\",\"itemListElement\":[{\"@type\":\"ListItem\",\"position\":1,\"name\":\"Strona g\u0142\u00f3wna\",\"item\":\"https:\/\/consileon.pl\/en\/\"},{\"@type\":\"ListItem\",\"position\":2,\"name\":\"Contact us\"}]},{\"@type\":\"WebSite\",\"@id\":\"https:\/\/consileon.pl\/en\/#website\",\"url\":\"https:\/\/consileon.pl\/en\/\",\"name\":\"Consileon - IT Consulting\",\"description\":\"Tworzymy nowoczesne rozwi\u0105zania software&#039;owe, oferujemy konsulitng i doradztwo do\u015bwiadczonych ekspert\u00f3w.\",\"potentialAction\":[{\"@type\":\"SearchAction\",\"target\":{\"@type\":\"EntryPoint\",\"urlTemplate\":\"https:\/\/consileon.pl\/en\/?s={search_term_string}\"},\"query-input\":{\"@type\":\"PropertyValueSpecification\",\"valueRequired\":true,\"valueName\":\"search_term_string\"}}],\"inLanguage\":\"pl-PL\"}]}<\/script>\n<!-- \/ Yoast SEO plugin. -->","yoast_head_json":{"title":"Contact us - Consileon - IT Consulting","description":"How can we help in your project?","robots":{"index":"index","follow":"follow","max-snippet":"max-snippet:-1","max-image-preview":"max-image-preview:large","max-video-preview":"max-video-preview:-1"},"canonical":"https:\/\/consileon.pl\/en\/contact-us\/","og_locale":"en_US","og_type":"article","og_title":"Contact us - Consileon - IT Consulting","og_description":"How can we help in your project?","og_url":"https:\/\/consileon.pl\/en\/contact-us\/","og_site_name":"Consileon - IT Consulting","article_modified_time":"2018-01-04T14:08:29+00:00","twitter_card":"summary_large_image","schema":{"@context":"https:\/\/schema.org","@graph":[{"@type":"WebPage","@id":"https:\/\/consileon.pl\/en\/contact-us\/","url":"https:\/\/consileon.pl\/en\/contact-us\/","name":"Contact us - Consileon - IT Consulting","isPartOf":{"@id":"https:\/\/consileon.pl\/en\/#website"},"datePublished":"2016-09-13T06:24:45+00:00","dateModified":"2018-01-04T14:08:29+00:00","description":"How can we help in your project?","breadcrumb":{"@id":"https:\/\/consileon.pl\/en\/contact-us\/#breadcrumb"},"inLanguage":"pl-PL","potentialAction":[{"@type":"ReadAction","target":["https:\/\/consileon.pl\/en\/contact-us\/"]}]},{"@type":"BreadcrumbList","@id":"https:\/\/consileon.pl\/en\/contact-us\/#breadcrumb","itemListElement":[{"@type":"ListItem","position":1,"name":"Strona g\u0142\u00f3wna","item":"https:\/\/consileon.pl\/en\/"},{"@type":"ListItem","position":2,"name":"Contact us"}]},{"@type":"WebSite","@id":"https:\/\/consileon.pl\/en\/#website","url":"https:\/\/consileon.pl\/en\/","name":"Consileon - IT Consulting","description":"Tworzymy nowoczesne rozwi\u0105zania software&#039;owe, oferujemy konsulitng i doradztwo do\u015bwiadczonych ekspert\u00f3w.","potentialAction":[{"@type":"SearchAction","target":{"@type":"EntryPoint","urlTemplate":"https:\/\/consileon.pl\/en\/?s={search_term_string}"},"query-input":{"@type":"PropertyValueSpecification","valueRequired":true,"valueName":"search_term_string"}}],"inLanguage":"pl-PL"}]}},"_links":{"self":[{"href":"https:\/\/consileon.pl\/en\/wp-json\/wp\/v2\/pages\/24","targetHints":{"allow":["GET"]}}],"collection":[{"href":"https:\/\/consileon.pl\/en\/wp-json\/wp\/v2\/pages"}],"about":[{"href":"https:\/\/consileon.pl\/en\/wp-json\/wp\/v2\/types\/page"}],"author":[{"embeddable":true,"href":"https:\/\/consileon.pl\/en\/wp-json\/wp\/v2\/users\/1"}],"replies":[{"embeddable":true,"href":"https:\/\/consileon.pl\/en\/wp-json\/wp\/v2\/comments?post=24"}],"version-history":[{"count":15,"href":"https:\/\/consileon.pl\/en\/wp-json\/wp\/v2\/pages\/24\/revisions"}],"predecessor-version":[{"id":494,"href":"https:\/\/consileon.pl\/en\/wp-json\/wp\/v2\/pages\/24\/revisions\/494"}],"wp:attachment":[{"href":"https:\/\/consileon.pl\/en\/wp-json\/wp\/v2\/media?parent=24"}],"curies":[{"name":"wp","href":"https:\/\/api.w.org\/{rel}","templated":true}]}}