{"id":26,"date":"2016-09-13T08:53:42","date_gmt":"2016-09-13T06:53:42","guid":{"rendered":"https:\/\/consileon.pl\/en\/?page_id=26"},"modified":"2017-01-26T09:27:22","modified_gmt":"2017-01-26T08:27:22","slug":"about-us","status":"publish","type":"page","link":"https:\/\/consileon.pl\/en\/about-us\/","title":{"rendered":"About us"},"content":{"rendered":"<p>Consileon is above all created by people, great people. Thanks to our passion and constantly growing competence we are always oriented toward the best possible outcome. Flat structure prevailing in our company promotes the use of knowledge of not only the team members, but the entire company&#8217;s accumulated know-how.<\/p>\n<p>The goal and the result of our work are the most important aspects for us, therefore we tend to not over formalize so that the bureaucracy does not stand in the way of achieving the goals.<\/p>\n<p>Consileon is not a corporation, therefore we can flexibly and individually approach our customers. At the same time we have more than 30 experienced people that create tailor-made, fully comprehensive solutions.<\/p>\n","protected":false},"excerpt":{"rendered":"<p>Consileon is above all created by people, great people. Thanks to our passion and constantly growing competence we are always oriented toward the best possible outcome. Flat structure prevailing in our company promotes the use of knowledge of not only the team members, but the entire company&#8217;s accumulated know-how. The goal and the result of [&hellip;]<\/p>\n","protected":false},"author":1,"featured_media":0,"parent":0,"menu_order":0,"comment_status":"closed","ping_status":"closed","template":"text.php","meta":{"footnotes":"","_links_to":"","_links_to_target":""},"class_list":["post-26","page","type-page","status-publish","hentry"],"yoast_head":"<!-- This site is optimized with the Yoast SEO plugin v26.4 - https:\/\/yoast.com\/wordpress\/plugins\/seo\/ -->\n<title>About us - Consileon - IT Consulting<\/title>\n<meta name=\"description\" content=\"Consileon is people first - our flat structure facilitates using the knowledge of all team members, and the entire company&#039;s accumulated know-how.\" \/>\n<meta name=\"robots\" content=\"index, follow, max-snippet:-1, max-image-preview:large, max-video-preview:-1\" \/>\n<link rel=\"canonical\" href=\"https:\/\/consileon.pl\/en\/about-us\/\" \/>\n<meta property=\"og:locale\" content=\"en_US\" \/>\n<meta property=\"og:type\" content=\"article\" \/>\n<meta property=\"og:title\" content=\"About us - Consileon - IT Consulting\" \/>\n<meta property=\"og:description\" content=\"Consileon is people first - our flat structure facilitates using the knowledge of all team members, and the entire company&#039;s accumulated know-how.\" \/>\n<meta property=\"og:url\" content=\"https:\/\/consileon.pl\/en\/about-us\/\" \/>\n<meta property=\"og:site_name\" content=\"Consileon - IT Consulting\" \/>\n<meta property=\"article:modified_time\" content=\"2017-01-26T08:27:22+00:00\" \/>\n<meta name=\"twitter:card\" content=\"summary_large_image\" \/>\n<meta name=\"twitter:label1\" content=\"Szacowany czas czytania\" \/>\n\t<meta name=\"twitter:data1\" content=\"1 minuta\" \/>\n<script type=\"application\/ld+json\" class=\"yoast-schema-graph\">{\"@context\":\"https:\/\/schema.org\",\"@graph\":[{\"@type\":\"WebPage\",\"@id\":\"https:\/\/consileon.pl\/en\/about-us\/\",\"url\":\"https:\/\/consileon.pl\/en\/about-us\/\",\"name\":\"About us - Consileon - IT Consulting\",\"isPartOf\":{\"@id\":\"https:\/\/consileon.pl\/en\/#website\"},\"datePublished\":\"2016-09-13T06:53:42+00:00\",\"dateModified\":\"2017-01-26T08:27:22+00:00\",\"description\":\"Consileon is people first - our flat structure facilitates using the knowledge of all team members, and the entire company's accumulated know-how.\",\"breadcrumb\":{\"@id\":\"https:\/\/consileon.pl\/en\/about-us\/#breadcrumb\"},\"inLanguage\":\"pl-PL\",\"potentialAction\":[{\"@type\":\"ReadAction\",\"target\":[\"https:\/\/consileon.pl\/en\/about-us\/\"]}]},{\"@type\":\"BreadcrumbList\",\"@id\":\"https:\/\/consileon.pl\/en\/about-us\/#breadcrumb\",\"itemListElement\":[{\"@type\":\"ListItem\",\"position\":1,\"name\":\"Strona g\u0142\u00f3wna\",\"item\":\"https:\/\/consileon.pl\/en\/\"},{\"@type\":\"ListItem\",\"position\":2,\"name\":\"About us\"}]},{\"@type\":\"WebSite\",\"@id\":\"https:\/\/consileon.pl\/en\/#website\",\"url\":\"https:\/\/consileon.pl\/en\/\",\"name\":\"Consileon - IT Consulting\",\"description\":\"Tworzymy nowoczesne rozwi\u0105zania software&#039;owe, oferujemy konsulitng i doradztwo do\u015bwiadczonych ekspert\u00f3w.\",\"potentialAction\":[{\"@type\":\"SearchAction\",\"target\":{\"@type\":\"EntryPoint\",\"urlTemplate\":\"https:\/\/consileon.pl\/en\/?s={search_term_string}\"},\"query-input\":{\"@type\":\"PropertyValueSpecification\",\"valueRequired\":true,\"valueName\":\"search_term_string\"}}],\"inLanguage\":\"pl-PL\"}]}<\/script>\n<!-- \/ Yoast SEO plugin. -->","yoast_head_json":{"title":"About us - Consileon - IT Consulting","description":"Consileon is people first - our flat structure facilitates using the knowledge of all team members, and the entire company's accumulated know-how.","robots":{"index":"index","follow":"follow","max-snippet":"max-snippet:-1","max-image-preview":"max-image-preview:large","max-video-preview":"max-video-preview:-1"},"canonical":"https:\/\/consileon.pl\/en\/about-us\/","og_locale":"en_US","og_type":"article","og_title":"About us - Consileon - IT Consulting","og_description":"Consileon is people first - our flat structure facilitates using the knowledge of all team members, and the entire company's accumulated know-how.","og_url":"https:\/\/consileon.pl\/en\/about-us\/","og_site_name":"Consileon - IT Consulting","article_modified_time":"2017-01-26T08:27:22+00:00","twitter_card":"summary_large_image","twitter_misc":{"Szacowany czas czytania":"1 minuta"},"schema":{"@context":"https:\/\/schema.org","@graph":[{"@type":"WebPage","@id":"https:\/\/consileon.pl\/en\/about-us\/","url":"https:\/\/consileon.pl\/en\/about-us\/","name":"About us - Consileon - IT Consulting","isPartOf":{"@id":"https:\/\/consileon.pl\/en\/#website"},"datePublished":"2016-09-13T06:53:42+00:00","dateModified":"2017-01-26T08:27:22+00:00","description":"Consileon is people first - our flat structure facilitates using the knowledge of all team members, and the entire company's accumulated know-how.","breadcrumb":{"@id":"https:\/\/consileon.pl\/en\/about-us\/#breadcrumb"},"inLanguage":"pl-PL","potentialAction":[{"@type":"ReadAction","target":["https:\/\/consileon.pl\/en\/about-us\/"]}]},{"@type":"BreadcrumbList","@id":"https:\/\/consileon.pl\/en\/about-us\/#breadcrumb","itemListElement":[{"@type":"ListItem","position":1,"name":"Strona g\u0142\u00f3wna","item":"https:\/\/consileon.pl\/en\/"},{"@type":"ListItem","position":2,"name":"About us"}]},{"@type":"WebSite","@id":"https:\/\/consileon.pl\/en\/#website","url":"https:\/\/consileon.pl\/en\/","name":"Consileon - IT Consulting","description":"Tworzymy nowoczesne rozwi\u0105zania software&#039;owe, oferujemy konsulitng i doradztwo do\u015bwiadczonych ekspert\u00f3w.","potentialAction":[{"@type":"SearchAction","target":{"@type":"EntryPoint","urlTemplate":"https:\/\/consileon.pl\/en\/?s={search_term_string}"},"query-input":{"@type":"PropertyValueSpecification","valueRequired":true,"valueName":"search_term_string"}}],"inLanguage":"pl-PL"}]}},"_links":{"self":[{"href":"https:\/\/consileon.pl\/en\/wp-json\/wp\/v2\/pages\/26","targetHints":{"allow":["GET"]}}],"collection":[{"href":"https:\/\/consileon.pl\/en\/wp-json\/wp\/v2\/pages"}],"about":[{"href":"https:\/\/consileon.pl\/en\/wp-json\/wp\/v2\/types\/page"}],"author":[{"embeddable":true,"href":"https:\/\/consileon.pl\/en\/wp-json\/wp\/v2\/users\/1"}],"replies":[{"embeddable":true,"href":"https:\/\/consileon.pl\/en\/wp-json\/wp\/v2\/comments?post=26"}],"version-history":[{"count":3,"href":"https:\/\/consileon.pl\/en\/wp-json\/wp\/v2\/pages\/26\/revisions"}],"predecessor-version":[{"id":297,"href":"https:\/\/consileon.pl\/en\/wp-json\/wp\/v2\/pages\/26\/revisions\/297"}],"wp:attachment":[{"href":"https:\/\/consileon.pl\/en\/wp-json\/wp\/v2\/media?parent=26"}],"curies":[{"name":"wp","href":"https:\/\/api.w.org\/{rel}","templated":true}]}}