{"id":31,"date":"2016-09-14T11:12:52","date_gmt":"2016-09-14T09:12:52","guid":{"rendered":"https:\/\/consileon.pl\/en\/?page_id=31"},"modified":"2022-10-06T11:46:04","modified_gmt":"2022-10-06T09:46:04","slug":"start","status":"publish","type":"page","link":"https:\/\/consileon.pl\/en\/","title":{"rendered":"Start"},"content":{"rendered":"<h2 class=\"title\">Proud to be d<span>I<\/span>fferen<span>T<\/span><\/h2>\n<p>What makes us different? Knowledge and rich experience gained during the implementation of many international projects that allowed us to specialize in &#8222;fixing IT.&#8221; We treat our customers as partners \u2013 we do not hide behind complicated IT terminology, we precisely explain what is the nature of technology and how it can solve specific business problems. Relationship with our partners is built on mutual understanding and trust, due to that we create technology tailored to their business.<\/p>\n<p>We are a &#8222;small company of great people,&#8221; for whom software development is a passion. Tracking trends and technological innovations allows us to continually develop and better respond to the needs of our customers. We offer modern services and IT solutions supporting business processes in sectors such as: finance and banking, insurance and investment, automotive and trade. We develop software and applications, as well as diagnose problems with already implemented technologies. If necessary, our IT specialists are also &#8221; special tasks commandos&#8221; who are able to save IT project at every stage of its implementation. Distance is not an obstacle for us, our projects always start on-site. Many of our customers have learnt to cooperate with us in the nearshore mode or remotely.<\/p>\n","protected":false},"excerpt":{"rendered":"<p>Proud to be dIfferenT What makes us different? Knowledge and rich experience gained during the implementation of many international projects that allowed us to specialize in &#8222;fixing IT.&#8221; We treat our customers as partners \u2013 we do not hide behind complicated IT terminology, we precisely explain what is the nature of technology and how it [&hellip;]<\/p>\n","protected":false},"author":1,"featured_media":0,"parent":0,"menu_order":0,"comment_status":"closed","ping_status":"closed","template":"","meta":{"footnotes":"","_links_to":"","_links_to_target":""},"class_list":["post-31","page","type-page","status-publish","hentry"],"yoast_head":"<!-- This site is optimized with the Yoast SEO plugin v26.4 - https:\/\/yoast.com\/wordpress\/plugins\/seo\/ -->\n<title>Consileon - IT consulting. Proud to be dIfferenT.<\/title>\n<meta name=\"description\" content=\"IT services and solutions supporting business processes in finance and banking, insurance and investment, automotive and trade and others.\" \/>\n<meta name=\"robots\" content=\"index, follow, max-snippet:-1, max-image-preview:large, max-video-preview:-1\" \/>\n<link rel=\"canonical\" href=\"https:\/\/consileon.pl\/en\/\" \/>\n<meta property=\"og:locale\" content=\"en_US\" \/>\n<meta property=\"og:type\" content=\"article\" \/>\n<meta property=\"og:title\" content=\"Consileon - IT consulting. Proud to be dIfferenT.\" \/>\n<meta property=\"og:description\" content=\"IT services and solutions supporting business processes in finance and banking, insurance and investment, automotive and trade and others.\" \/>\n<meta property=\"og:url\" content=\"https:\/\/consileon.pl\/en\/\" \/>\n<meta property=\"og:site_name\" content=\"Consileon - IT Consulting\" \/>\n<meta property=\"article:modified_time\" content=\"2022-10-06T09:46:04+00:00\" \/>\n<meta name=\"twitter:card\" content=\"summary_large_image\" \/>\n<meta name=\"twitter:label1\" content=\"Szacowany czas czytania\" \/>\n\t<meta name=\"twitter:data1\" content=\"2 minuty\" \/>\n<script type=\"application\/ld+json\" class=\"yoast-schema-graph\">{\"@context\":\"https:\/\/schema.org\",\"@graph\":[{\"@type\":\"WebPage\",\"@id\":\"https:\/\/consileon.pl\/en\/\",\"url\":\"https:\/\/consileon.pl\/en\/\",\"name\":\"Consileon - IT consulting. Proud to be dIfferenT.\",\"isPartOf\":{\"@id\":\"https:\/\/consileon.pl\/en\/#website\"},\"datePublished\":\"2016-09-14T09:12:52+00:00\",\"dateModified\":\"2022-10-06T09:46:04+00:00\",\"description\":\"IT services and solutions supporting business processes in finance and banking, insurance and investment, automotive and trade and others.\",\"breadcrumb\":{\"@id\":\"https:\/\/consileon.pl\/en\/#breadcrumb\"},\"inLanguage\":\"pl-PL\",\"potentialAction\":[{\"@type\":\"ReadAction\",\"target\":[\"https:\/\/consileon.pl\/en\/\"]}]},{\"@type\":\"BreadcrumbList\",\"@id\":\"https:\/\/consileon.pl\/en\/#breadcrumb\",\"itemListElement\":[{\"@type\":\"ListItem\",\"position\":1,\"name\":\"Strona g\u0142\u00f3wna\",\"item\":\"https:\/\/consileon.pl\/en\/\"},{\"@type\":\"ListItem\",\"position\":2,\"name\":\"Start\"}]},{\"@type\":\"WebSite\",\"@id\":\"https:\/\/consileon.pl\/en\/#website\",\"url\":\"https:\/\/consileon.pl\/en\/\",\"name\":\"Consileon - IT Consulting\",\"description\":\"Tworzymy nowoczesne rozwi\u0105zania software&#039;owe, oferujemy konsulitng i doradztwo do\u015bwiadczonych ekspert\u00f3w.\",\"potentialAction\":[{\"@type\":\"SearchAction\",\"target\":{\"@type\":\"EntryPoint\",\"urlTemplate\":\"https:\/\/consileon.pl\/en\/?s={search_term_string}\"},\"query-input\":{\"@type\":\"PropertyValueSpecification\",\"valueRequired\":true,\"valueName\":\"search_term_string\"}}],\"inLanguage\":\"pl-PL\"}]}<\/script>\n<!-- \/ Yoast SEO plugin. -->","yoast_head_json":{"title":"Consileon - IT consulting. Proud to be dIfferenT.","description":"IT services and solutions supporting business processes in finance and banking, insurance and investment, automotive and trade and others.","robots":{"index":"index","follow":"follow","max-snippet":"max-snippet:-1","max-image-preview":"max-image-preview:large","max-video-preview":"max-video-preview:-1"},"canonical":"https:\/\/consileon.pl\/en\/","og_locale":"en_US","og_type":"article","og_title":"Consileon - IT consulting. Proud to be dIfferenT.","og_description":"IT services and solutions supporting business processes in finance and banking, insurance and investment, automotive and trade and others.","og_url":"https:\/\/consileon.pl\/en\/","og_site_name":"Consileon - IT Consulting","article_modified_time":"2022-10-06T09:46:04+00:00","twitter_card":"summary_large_image","twitter_misc":{"Szacowany czas czytania":"2 minuty"},"schema":{"@context":"https:\/\/schema.org","@graph":[{"@type":"WebPage","@id":"https:\/\/consileon.pl\/en\/","url":"https:\/\/consileon.pl\/en\/","name":"Consileon - IT consulting. Proud to be dIfferenT.","isPartOf":{"@id":"https:\/\/consileon.pl\/en\/#website"},"datePublished":"2016-09-14T09:12:52+00:00","dateModified":"2022-10-06T09:46:04+00:00","description":"IT services and solutions supporting business processes in finance and banking, insurance and investment, automotive and trade and others.","breadcrumb":{"@id":"https:\/\/consileon.pl\/en\/#breadcrumb"},"inLanguage":"pl-PL","potentialAction":[{"@type":"ReadAction","target":["https:\/\/consileon.pl\/en\/"]}]},{"@type":"BreadcrumbList","@id":"https:\/\/consileon.pl\/en\/#breadcrumb","itemListElement":[{"@type":"ListItem","position":1,"name":"Strona g\u0142\u00f3wna","item":"https:\/\/consileon.pl\/en\/"},{"@type":"ListItem","position":2,"name":"Start"}]},{"@type":"WebSite","@id":"https:\/\/consileon.pl\/en\/#website","url":"https:\/\/consileon.pl\/en\/","name":"Consileon - IT Consulting","description":"Tworzymy nowoczesne rozwi\u0105zania software&#039;owe, oferujemy konsulitng i doradztwo do\u015bwiadczonych ekspert\u00f3w.","potentialAction":[{"@type":"SearchAction","target":{"@type":"EntryPoint","urlTemplate":"https:\/\/consileon.pl\/en\/?s={search_term_string}"},"query-input":{"@type":"PropertyValueSpecification","valueRequired":true,"valueName":"search_term_string"}}],"inLanguage":"pl-PL"}]}},"_links":{"self":[{"href":"https:\/\/consileon.pl\/en\/wp-json\/wp\/v2\/pages\/31","targetHints":{"allow":["GET"]}}],"collection":[{"href":"https:\/\/consileon.pl\/en\/wp-json\/wp\/v2\/pages"}],"about":[{"href":"https:\/\/consileon.pl\/en\/wp-json\/wp\/v2\/types\/page"}],"author":[{"embeddable":true,"href":"https:\/\/consileon.pl\/en\/wp-json\/wp\/v2\/users\/1"}],"replies":[{"embeddable":true,"href":"https:\/\/consileon.pl\/en\/wp-json\/wp\/v2\/comments?post=31"}],"version-history":[{"count":32,"href":"https:\/\/consileon.pl\/en\/wp-json\/wp\/v2\/pages\/31\/revisions"}],"predecessor-version":[{"id":449,"href":"https:\/\/consileon.pl\/en\/wp-json\/wp\/v2\/pages\/31\/revisions\/449"}],"wp:attachment":[{"href":"https:\/\/consileon.pl\/en\/wp-json\/wp\/v2\/media?parent=31"}],"curies":[{"name":"wp","href":"https:\/\/api.w.org\/{rel}","templated":true}]}}