{"id":5,"date":"2016-09-12T11:15:43","date_gmt":"2016-09-12T09:15:43","guid":{"rendered":"https:\/\/consileon.pl\/en\/?page_id=5"},"modified":"2017-01-26T09:21:26","modified_gmt":"2017-01-26T08:21:26","slug":"what-we-do","status":"publish","type":"page","link":"https:\/\/consileon.pl\/en\/what-we-do\/","title":{"rendered":"What we do"},"content":{"rendered":"<p><b>Technologies that drive business<\/b><\/p>\n<p>The entire portfolio of services of Consileon Polska is connected to the creation of modern software solutions, that allow not only to manage a business efficiently, but also to determine the directions of its development. We offer quick and easy access to consulting or advisory services of experienced experts with specialist technological knowledge.<\/p>\n<p>As part of the comprehensive IT solutions we offer creation and further development of dedicated applications, maintaining systems, project management, systems integration and application migration. Our team consists of professionals with expertise needed at all stages of an IT project &#8211; starting from analysis of requirements and system design, through the deployment and testing of applications and systems, finishing with the training of users, development and maintenance of applications and technical support.<\/p>\n<p>Regardless of country or sector we apply an individual approach to the customer and co-operation based on a careful analysis of our customers\u2019 issues and needs, skillful selection of the range of activities and comprehensive IT consulting. All this allows us to create IT solutions tailored to the specific business, both as to the scope and the execution. We always begin the cooperation at the customer&#8217;s office and then, if possible, in our headquarters. We also work in the nearshoring mode and support our customers in transition process to this model.<\/p>\n<a class=\"button third\" href=\"https:\/\/consileon.pl\/en\/customers\/case-study\/\">&gt; Learn more<\/a>\n","protected":false},"excerpt":{"rendered":"<p>Technologies that drive business The entire portfolio of services of Consileon Polska is connected to the creation of modern software solutions, that allow not only to manage a business efficiently, but also to determine the directions of its development. We offer quick and easy access to consulting or advisory services of experienced experts with specialist [&hellip;]<\/p>\n","protected":false},"author":1,"featured_media":0,"parent":0,"menu_order":0,"comment_status":"closed","ping_status":"closed","template":"text.php","meta":{"footnotes":"","_links_to":"","_links_to_target":""},"class_list":["post-5","page","type-page","status-publish","hentry"],"yoast_head":"<!-- This site is optimized with the Yoast SEO plugin v26.4 - https:\/\/yoast.com\/wordpress\/plugins\/seo\/ -->\n<title>What we do - Consileon - IT Consulting<\/title>\n<meta name=\"description\" content=\"Support at all stages of the project - from requirements analysis and design through implementation, testing, user training, further development and maintenance.\" \/>\n<meta name=\"robots\" content=\"index, follow, max-snippet:-1, max-image-preview:large, max-video-preview:-1\" \/>\n<link rel=\"canonical\" href=\"https:\/\/consileon.pl\/en\/what-we-do\/\" \/>\n<meta property=\"og:locale\" content=\"en_US\" \/>\n<meta property=\"og:type\" content=\"article\" \/>\n<meta property=\"og:title\" content=\"What we do - Consileon - IT Consulting\" \/>\n<meta property=\"og:description\" content=\"Support at all stages of the project - from requirements analysis and design through implementation, testing, user training, further development and maintenance.\" \/>\n<meta property=\"og:url\" content=\"https:\/\/consileon.pl\/en\/what-we-do\/\" \/>\n<meta property=\"og:site_name\" content=\"Consileon - IT Consulting\" \/>\n<meta property=\"article:modified_time\" content=\"2017-01-26T08:21:26+00:00\" \/>\n<meta name=\"twitter:card\" content=\"summary_large_image\" \/>\n<meta name=\"twitter:label1\" content=\"Szacowany czas czytania\" \/>\n\t<meta name=\"twitter:data1\" content=\"1 minuta\" \/>\n<script type=\"application\/ld+json\" class=\"yoast-schema-graph\">{\"@context\":\"https:\/\/schema.org\",\"@graph\":[{\"@type\":\"WebPage\",\"@id\":\"https:\/\/consileon.pl\/en\/what-we-do\/\",\"url\":\"https:\/\/consileon.pl\/en\/what-we-do\/\",\"name\":\"What we do - Consileon - IT Consulting\",\"isPartOf\":{\"@id\":\"https:\/\/consileon.pl\/en\/#website\"},\"datePublished\":\"2016-09-12T09:15:43+00:00\",\"dateModified\":\"2017-01-26T08:21:26+00:00\",\"description\":\"Support at all stages of the project - from requirements analysis and design through implementation, testing, user training, further development and maintenance.\",\"breadcrumb\":{\"@id\":\"https:\/\/consileon.pl\/en\/what-we-do\/#breadcrumb\"},\"inLanguage\":\"pl-PL\",\"potentialAction\":[{\"@type\":\"ReadAction\",\"target\":[\"https:\/\/consileon.pl\/en\/what-we-do\/\"]}]},{\"@type\":\"BreadcrumbList\",\"@id\":\"https:\/\/consileon.pl\/en\/what-we-do\/#breadcrumb\",\"itemListElement\":[{\"@type\":\"ListItem\",\"position\":1,\"name\":\"Strona g\u0142\u00f3wna\",\"item\":\"https:\/\/consileon.pl\/en\/\"},{\"@type\":\"ListItem\",\"position\":2,\"name\":\"What we do\"}]},{\"@type\":\"WebSite\",\"@id\":\"https:\/\/consileon.pl\/en\/#website\",\"url\":\"https:\/\/consileon.pl\/en\/\",\"name\":\"Consileon - IT Consulting\",\"description\":\"Tworzymy nowoczesne rozwi\u0105zania software&#039;owe, oferujemy konsulitng i doradztwo do\u015bwiadczonych ekspert\u00f3w.\",\"potentialAction\":[{\"@type\":\"SearchAction\",\"target\":{\"@type\":\"EntryPoint\",\"urlTemplate\":\"https:\/\/consileon.pl\/en\/?s={search_term_string}\"},\"query-input\":{\"@type\":\"PropertyValueSpecification\",\"valueRequired\":true,\"valueName\":\"search_term_string\"}}],\"inLanguage\":\"pl-PL\"}]}<\/script>\n<!-- \/ Yoast SEO plugin. -->","yoast_head_json":{"title":"What we do - Consileon - IT Consulting","description":"Support at all stages of the project - from requirements analysis and design through implementation, testing, user training, further development and maintenance.","robots":{"index":"index","follow":"follow","max-snippet":"max-snippet:-1","max-image-preview":"max-image-preview:large","max-video-preview":"max-video-preview:-1"},"canonical":"https:\/\/consileon.pl\/en\/what-we-do\/","og_locale":"en_US","og_type":"article","og_title":"What we do - Consileon - IT Consulting","og_description":"Support at all stages of the project - from requirements analysis and design through implementation, testing, user training, further development and maintenance.","og_url":"https:\/\/consileon.pl\/en\/what-we-do\/","og_site_name":"Consileon - IT Consulting","article_modified_time":"2017-01-26T08:21:26+00:00","twitter_card":"summary_large_image","twitter_misc":{"Szacowany czas czytania":"1 minuta"},"schema":{"@context":"https:\/\/schema.org","@graph":[{"@type":"WebPage","@id":"https:\/\/consileon.pl\/en\/what-we-do\/","url":"https:\/\/consileon.pl\/en\/what-we-do\/","name":"What we do - Consileon - IT Consulting","isPartOf":{"@id":"https:\/\/consileon.pl\/en\/#website"},"datePublished":"2016-09-12T09:15:43+00:00","dateModified":"2017-01-26T08:21:26+00:00","description":"Support at all stages of the project - from requirements analysis and design through implementation, testing, user training, further development and maintenance.","breadcrumb":{"@id":"https:\/\/consileon.pl\/en\/what-we-do\/#breadcrumb"},"inLanguage":"pl-PL","potentialAction":[{"@type":"ReadAction","target":["https:\/\/consileon.pl\/en\/what-we-do\/"]}]},{"@type":"BreadcrumbList","@id":"https:\/\/consileon.pl\/en\/what-we-do\/#breadcrumb","itemListElement":[{"@type":"ListItem","position":1,"name":"Strona g\u0142\u00f3wna","item":"https:\/\/consileon.pl\/en\/"},{"@type":"ListItem","position":2,"name":"What we do"}]},{"@type":"WebSite","@id":"https:\/\/consileon.pl\/en\/#website","url":"https:\/\/consileon.pl\/en\/","name":"Consileon - IT Consulting","description":"Tworzymy nowoczesne rozwi\u0105zania software&#039;owe, oferujemy konsulitng i doradztwo do\u015bwiadczonych ekspert\u00f3w.","potentialAction":[{"@type":"SearchAction","target":{"@type":"EntryPoint","urlTemplate":"https:\/\/consileon.pl\/en\/?s={search_term_string}"},"query-input":{"@type":"PropertyValueSpecification","valueRequired":true,"valueName":"search_term_string"}}],"inLanguage":"pl-PL"}]}},"_links":{"self":[{"href":"https:\/\/consileon.pl\/en\/wp-json\/wp\/v2\/pages\/5","targetHints":{"allow":["GET"]}}],"collection":[{"href":"https:\/\/consileon.pl\/en\/wp-json\/wp\/v2\/pages"}],"about":[{"href":"https:\/\/consileon.pl\/en\/wp-json\/wp\/v2\/types\/page"}],"author":[{"embeddable":true,"href":"https:\/\/consileon.pl\/en\/wp-json\/wp\/v2\/users\/1"}],"replies":[{"embeddable":true,"href":"https:\/\/consileon.pl\/en\/wp-json\/wp\/v2\/comments?post=5"}],"version-history":[{"count":22,"href":"https:\/\/consileon.pl\/en\/wp-json\/wp\/v2\/pages\/5\/revisions"}],"predecessor-version":[{"id":308,"href":"https:\/\/consileon.pl\/en\/wp-json\/wp\/v2\/pages\/5\/revisions\/308"}],"wp:attachment":[{"href":"https:\/\/consileon.pl\/en\/wp-json\/wp\/v2\/media?parent=5"}],"curies":[{"name":"wp","href":"https:\/\/api.w.org\/{rel}","templated":true}]}}