{"id":7,"date":"2016-09-12T14:07:58","date_gmt":"2016-09-12T12:07:58","guid":{"rendered":"https:\/\/consileon.pl\/en\/?page_id=7"},"modified":"2017-01-26T09:32:23","modified_gmt":"2017-01-26T08:32:23","slug":"services-and-solutions","status":"publish","type":"page","link":"https:\/\/consileon.pl\/en\/what-we-do\/services-and-solutions\/","title":{"rendered":"Services and Solutions"},"content":{"rendered":"<p>We know that our customers have different needs. Therefore, the offers that we construct are a carefully tailored set consisting of various elements of services, solutions and cooperation models.<\/p>\n<p>Working on-site in body-leasing model, implementing \u00a0Java technology for our startup customer from telco industry, consulting and auditing for the customer &#8211; a global automotive company in the final phase of the project, or design and implementation of a cloud based project in cooperation with a local company are just a few of the almost infinite number of options that we offer.<\/p>\n","protected":false},"excerpt":{"rendered":"<p>We know that our customers have different needs. Therefore, the offers that we construct are a carefully tailored set consisting of various elements of services, solutions and cooperation models. Working on-site in body-leasing model, implementing \u00a0Java technology for our startup customer from telco industry, consulting and auditing for the customer &#8211; a global automotive company [&hellip;]<\/p>\n","protected":false},"author":1,"featured_media":0,"parent":5,"menu_order":0,"comment_status":"closed","ping_status":"closed","template":"servicesAndSolutions.php","meta":{"footnotes":"","_links_to":"","_links_to_target":""},"class_list":["post-7","page","type-page","status-publish","hentry"],"yoast_head":"<!-- This site is optimized with the Yoast SEO plugin v26.4 - https:\/\/yoast.com\/wordpress\/plugins\/seo\/ -->\n<title>Services and Solutions - Consileon - IT Consulting<\/title>\n<meta name=\"description\" content=\"We offer a virtually unlimited number of options and models of cooperation. Consulting and audit, on-site work, body leasing, design and implementation, among others.\" \/>\n<meta name=\"robots\" content=\"index, follow, max-snippet:-1, max-image-preview:large, max-video-preview:-1\" \/>\n<link rel=\"canonical\" href=\"https:\/\/consileon.pl\/en\/what-we-do\/services-and-solutions\/\" \/>\n<meta property=\"og:locale\" content=\"en_US\" \/>\n<meta property=\"og:type\" content=\"article\" \/>\n<meta property=\"og:title\" content=\"Services and Solutions - Consileon - IT Consulting\" \/>\n<meta property=\"og:description\" content=\"We offer a virtually unlimited number of options and models of cooperation. Consulting and audit, on-site work, body leasing, design and implementation, among others.\" \/>\n<meta property=\"og:url\" content=\"https:\/\/consileon.pl\/en\/what-we-do\/services-and-solutions\/\" \/>\n<meta property=\"og:site_name\" content=\"Consileon - IT Consulting\" \/>\n<meta property=\"article:modified_time\" content=\"2017-01-26T08:32:23+00:00\" \/>\n<meta name=\"twitter:card\" content=\"summary_large_image\" \/>\n<script type=\"application\/ld+json\" class=\"yoast-schema-graph\">{\"@context\":\"https:\/\/schema.org\",\"@graph\":[{\"@type\":\"WebPage\",\"@id\":\"https:\/\/consileon.pl\/en\/what-we-do\/services-and-solutions\/\",\"url\":\"https:\/\/consileon.pl\/en\/what-we-do\/services-and-solutions\/\",\"name\":\"Services and Solutions - Consileon - IT Consulting\",\"isPartOf\":{\"@id\":\"https:\/\/consileon.pl\/en\/#website\"},\"datePublished\":\"2016-09-12T12:07:58+00:00\",\"dateModified\":\"2017-01-26T08:32:23+00:00\",\"description\":\"We offer a virtually unlimited number of options and models of cooperation. Consulting and audit, on-site work, body leasing, design and implementation, among others.\",\"breadcrumb\":{\"@id\":\"https:\/\/consileon.pl\/en\/what-we-do\/services-and-solutions\/#breadcrumb\"},\"inLanguage\":\"pl-PL\",\"potentialAction\":[{\"@type\":\"ReadAction\",\"target\":[\"https:\/\/consileon.pl\/en\/what-we-do\/services-and-solutions\/\"]}]},{\"@type\":\"BreadcrumbList\",\"@id\":\"https:\/\/consileon.pl\/en\/what-we-do\/services-and-solutions\/#breadcrumb\",\"itemListElement\":[{\"@type\":\"ListItem\",\"position\":1,\"name\":\"Strona g\u0142\u00f3wna\",\"item\":\"https:\/\/consileon.pl\/en\/\"},{\"@type\":\"ListItem\",\"position\":2,\"name\":\"What we do\",\"item\":\"https:\/\/consileon.pl\/en\/what-we-do\/\"},{\"@type\":\"ListItem\",\"position\":3,\"name\":\"Services and Solutions\"}]},{\"@type\":\"WebSite\",\"@id\":\"https:\/\/consileon.pl\/en\/#website\",\"url\":\"https:\/\/consileon.pl\/en\/\",\"name\":\"Consileon - IT Consulting\",\"description\":\"Tworzymy nowoczesne rozwi\u0105zania software&#039;owe, oferujemy konsulitng i doradztwo do\u015bwiadczonych ekspert\u00f3w.\",\"potentialAction\":[{\"@type\":\"SearchAction\",\"target\":{\"@type\":\"EntryPoint\",\"urlTemplate\":\"https:\/\/consileon.pl\/en\/?s={search_term_string}\"},\"query-input\":{\"@type\":\"PropertyValueSpecification\",\"valueRequired\":true,\"valueName\":\"search_term_string\"}}],\"inLanguage\":\"pl-PL\"}]}<\/script>\n<!-- \/ Yoast SEO plugin. -->","yoast_head_json":{"title":"Services and Solutions - Consileon - IT Consulting","description":"We offer a virtually unlimited number of options and models of cooperation. Consulting and audit, on-site work, body leasing, design and implementation, among others.","robots":{"index":"index","follow":"follow","max-snippet":"max-snippet:-1","max-image-preview":"max-image-preview:large","max-video-preview":"max-video-preview:-1"},"canonical":"https:\/\/consileon.pl\/en\/what-we-do\/services-and-solutions\/","og_locale":"en_US","og_type":"article","og_title":"Services and Solutions - Consileon - IT Consulting","og_description":"We offer a virtually unlimited number of options and models of cooperation. Consulting and audit, on-site work, body leasing, design and implementation, among others.","og_url":"https:\/\/consileon.pl\/en\/what-we-do\/services-and-solutions\/","og_site_name":"Consileon - IT Consulting","article_modified_time":"2017-01-26T08:32:23+00:00","twitter_card":"summary_large_image","schema":{"@context":"https:\/\/schema.org","@graph":[{"@type":"WebPage","@id":"https:\/\/consileon.pl\/en\/what-we-do\/services-and-solutions\/","url":"https:\/\/consileon.pl\/en\/what-we-do\/services-and-solutions\/","name":"Services and Solutions - Consileon - IT Consulting","isPartOf":{"@id":"https:\/\/consileon.pl\/en\/#website"},"datePublished":"2016-09-12T12:07:58+00:00","dateModified":"2017-01-26T08:32:23+00:00","description":"We offer a virtually unlimited number of options and models of cooperation. Consulting and audit, on-site work, body leasing, design and implementation, among others.","breadcrumb":{"@id":"https:\/\/consileon.pl\/en\/what-we-do\/services-and-solutions\/#breadcrumb"},"inLanguage":"pl-PL","potentialAction":[{"@type":"ReadAction","target":["https:\/\/consileon.pl\/en\/what-we-do\/services-and-solutions\/"]}]},{"@type":"BreadcrumbList","@id":"https:\/\/consileon.pl\/en\/what-we-do\/services-and-solutions\/#breadcrumb","itemListElement":[{"@type":"ListItem","position":1,"name":"Strona g\u0142\u00f3wna","item":"https:\/\/consileon.pl\/en\/"},{"@type":"ListItem","position":2,"name":"What we do","item":"https:\/\/consileon.pl\/en\/what-we-do\/"},{"@type":"ListItem","position":3,"name":"Services and Solutions"}]},{"@type":"WebSite","@id":"https:\/\/consileon.pl\/en\/#website","url":"https:\/\/consileon.pl\/en\/","name":"Consileon - IT Consulting","description":"Tworzymy nowoczesne rozwi\u0105zania software&#039;owe, oferujemy konsulitng i doradztwo do\u015bwiadczonych ekspert\u00f3w.","potentialAction":[{"@type":"SearchAction","target":{"@type":"EntryPoint","urlTemplate":"https:\/\/consileon.pl\/en\/?s={search_term_string}"},"query-input":{"@type":"PropertyValueSpecification","valueRequired":true,"valueName":"search_term_string"}}],"inLanguage":"pl-PL"}]}},"_links":{"self":[{"href":"https:\/\/consileon.pl\/en\/wp-json\/wp\/v2\/pages\/7","targetHints":{"allow":["GET"]}}],"collection":[{"href":"https:\/\/consileon.pl\/en\/wp-json\/wp\/v2\/pages"}],"about":[{"href":"https:\/\/consileon.pl\/en\/wp-json\/wp\/v2\/types\/page"}],"author":[{"embeddable":true,"href":"https:\/\/consileon.pl\/en\/wp-json\/wp\/v2\/users\/1"}],"replies":[{"embeddable":true,"href":"https:\/\/consileon.pl\/en\/wp-json\/wp\/v2\/comments?post=7"}],"version-history":[{"count":8,"href":"https:\/\/consileon.pl\/en\/wp-json\/wp\/v2\/pages\/7\/revisions"}],"predecessor-version":[{"id":282,"href":"https:\/\/consileon.pl\/en\/wp-json\/wp\/v2\/pages\/7\/revisions\/282"}],"up":[{"embeddable":true,"href":"https:\/\/consileon.pl\/en\/wp-json\/wp\/v2\/pages\/5"}],"wp:attachment":[{"href":"https:\/\/consileon.pl\/en\/wp-json\/wp\/v2\/media?parent=7"}],"curies":[{"name":"wp","href":"https:\/\/api.w.org\/{rel}","templated":true}]}}